{"id":75,"date":"2015-09-03T07:19:09","date_gmt":"2015-09-03T07:19:09","guid":{"rendered":"http:\/\/kmshannover.apps-1and1.net\/?page_id=75"},"modified":"2024-06-06T13:28:27","modified_gmt":"2024-06-06T13:28:27","slug":"impressum","status":"publish","type":"page","link":"https:\/\/kms-hannover.com\/pb\/impressum","title":{"rendered":"Impresso"},"content":{"rendered":"<p><\/p>\n<h2>Informa\u00e7\u00e3o de acordo com \u00a7 5 TMG:<\/h2>\n<p>Kr\u00fcger Montage Service GmbH.<br \/>\nBr\u00fcsselerstr. 10<br \/>\n30539 Hannover<\/p>\n<h2>Representado por:<\/h2>\n<p>Achim Kr\u00fcger<\/p>\n<h2>Contato:<\/h2>\n<table>\n<tbody>\n<tr>\n<td>Telefone:<\/td>\n<td>0511 647 94 34<\/td>\n<\/tr>\n<tr>\n<td>Telefax:<\/td>\n<td>0511 647 94 33<\/td>\n<\/tr>\n<tr>\n<td>E-Mail:<\/td>\n<td>info@kms-hannover.com<\/td>\n<\/tr>\n<\/tbody>\n<\/table>\n<h2>Incorpora\u00e7\u00e3o:<\/h2>\n<p>Inscri\u00e7\u00e3o no registro comercial.<br \/>\nTribunal de registro:Amtsgericht Hannover<br \/>\nN\u00famero do Registro: 203728<\/p>\n<p>N\u00famero de identifica\u00e7\u00e3o de Imposto sobre Valor acrescentado de acordo com \u00a727 a lei de IVA::<br \/>\nDE262650755<\/p>\n<h2>Informa\u00e7\u00f5es sobre seguro de responsabilidade civil:<\/h2>\n<p>Nome e sede da seguradora: Nuremberger Versicherungsgruppe, N\u00fcrnberg<\/p>\n<p>N\u00fcrnberg<\/p>\n<p>\u00c2mbito do seguro: Alemanha<\/p>\n<h2>Respons\u00e1vel pelo conte\u00fado de acordo com \u00a7 55 Abs. 2 RStV::<\/h2>\n<p>Achim Kr\u00fcger<br \/>\nBr\u00fcsseler Str. 10<br \/>\n30539 Hannover<\/p>\n<p><strong>Design gr\u00e1fico:\u00a0<\/strong><a href=\"http:\/\/www.caixeta.de\">Caix\u00eata Design<\/a><\/p>\n<p><strong><span id=\"result_box\" class=\"short_text\" lang=\"en\">Fontes para as imagens e gr\u00e1ficos utilizados::<\/span><\/strong><\/p>\n<p>Kr\u00fcger Montage Service GmbH<\/p>\n<p>A Comiss\u00e3o Europeia fornece uma plataforma para a resolu\u00e7\u00e3o de lit\u00edgios on-line (OS): <a href=\"http:\/\/ec.europa.eu\/consumers\/odr\">http:\/\/ec.europa.eu\/consumers\/odr<\/a><br \/>\nNosso endere\u00e7o de e-mail pode ser encontrado no topo do impresso.<\/p>\n<p>&nbsp;<\/p>\n<p>Wir sind nicht bereit oder verpflichtet, an Streitbeilegungsverfahren vor einer Verbraucherschlichtungsstelle teilzunehmen.<\/p>\n<h2>Responsabilidade pelo conte\u00fado<\/h2>\n<p>Como fornecedor de servi\u00e7os, somos respons\u00e1veis pelo nosso pr\u00f3prio conte\u00fado nessas p\u00e1ginas de acordo com as leis gerais de acordo com \u00a7 7 Abs.1 TMG. De acordo com as se\u00e7\u00f5es 8 a 10 TMG, no entanto, n\u00f3s, como prestadores de servi\u00e7os, n\u00e3o somos obrigados a monitorar informa\u00e7\u00f5es de terceiros transmitidas ou armazenadas ou a investigar circunst\u00e2ncias que indiquem uma atividade ilegal.<\/p>\n<p>As obriga\u00e7\u00f5es para remover ou bloquear o uso de informa\u00e7\u00f5es de acordo com as leis gerais permanecem inalteradas. A responsabilidade nesse sentido, no entanto, s\u00f3 \u00e9 poss\u00edvel a partir do momento do conhecimento de uma infra\u00e7\u00e3o espec\u00edfica. Se tomarmos conhecimento de tais infra\u00e7\u00f5es, removeremos imediatamente esse conte\u00fado.<\/p>\n<h2>Responsabilidade por links<\/h2>\n<p>Nossa oferta cont\u00e9m links para sites externos de terceiros em cujo conte\u00fado n\u00e3o temos influ\u00eancia. Portanto, n\u00e3o podemos assumir qualquer responsabilidade por esse conte\u00fado de terceiros. O respectivo fornecedor ou operador das p\u00e1ginas \u00e9 sempre respons\u00e1vel pelo conte\u00fado das p\u00e1ginas vinculadas. As p\u00e1ginas vinculadas foram verificadas quanto a poss\u00edveis viola\u00e7\u00f5es legais no momento da liga\u00e7\u00e3o. Os conte\u00fados ilegais n\u00e3o eram reconhecidos no momento da liga\u00e7\u00e3o.<\/p>\n<p>No entanto, um controle permanente do conte\u00fado das p\u00e1ginas vinculadas n\u00e3o \u00e9 razo\u00e1vel sem ind\u00edcios concretos de uma infra\u00e7\u00e3o. N\u00f3s removeremos esses links imediatamente se percebermos quaisquer infrac\u00e7\u00f5es legais.<\/p>\n<h2>Direitos autorais<\/h2>\n<p>O conte\u00fado e os trabalhos criados pelos operadores do site nessas p\u00e1ginas est\u00e3o sujeitos \u00e0 lei de direitos autorais alem\u00e3. A c\u00f3pia, processamento, distribui\u00e7\u00e3o e qualquer tipo de explora\u00e7\u00e3o al\u00e9m dos limites de direitos autorais requerem o consentimento por escrito do respectivo autor ou criador. Downloads e c\u00f3pias desse site s\u00f3 s\u00e3o permitidos para uso privado e n\u00e3o comercial.<\/p>\n<p>Na medida em que o conte\u00fado deste site n\u00e3o foi criado pelo operador, os direitos autorais de terceiros s\u00e3o respeitados. Em particular, os conte\u00fados de terceiros s\u00e3o marcados como tal. Se voc\u00ea ainda est\u00e1 ciente de uma viola\u00e7\u00e3o de direitos autorais, pedimos uma nota correspondente. Se tomarmos conhecimento das viola\u00e7\u00f5es legais, removeremos imediatamente esse conte\u00fado.<\/p>\n<p>Quelle: <a href=\"https:\/\/www.e-recht24.de\">https:\/\/www.e-recht24.de<\/a><\/p>","protected":false},"excerpt":{"rendered":"<p>Informa\u00e7\u00e3o de acordo com \u00a7 5 TMG: Kr\u00fcger Montage Service GmbH. Br\u00fcsselerstr. 10 30539 Hannover&hellip; <\/p>\n","protected":false},"author":1,"featured_media":0,"parent":0,"menu_order":0,"comment_status":"closed","ping_status":"closed","template":"","meta":{"footnotes":""},"class_list":["post-75","page","type-page","status-publish","hentry"],"yoast_head":"<!-- This site is optimized with the Yoast SEO plugin v27.4 - https:\/\/yoast.com\/product\/yoast-seo-wordpress\/ -->\n<title>KMS Hannover \u2013 Ihre Experten f\u00fcr Messebau und Messelogistik<\/title>\n<meta name=\"robots\" content=\"index, follow, max-snippet:-1, max-image-preview:large, max-video-preview:-1\" \/>\n<link rel=\"canonical\" href=\"https:\/\/kms-hannover.com\/impressum\" \/>\n<meta property=\"og:locale\" content=\"pt_BR\" \/>\n<meta property=\"og:type\" content=\"article\" \/>\n<meta property=\"og:title\" content=\"KMS Hannover \u2013 Ihre Experten f\u00fcr Messebau und Messelogistik\" \/>\n<meta property=\"og:description\" content=\"Informa\u00e7\u00e3o de acordo com \u00a7 5 TMG: Kr\u00fcger Montage Service GmbH. Br\u00fcsselerstr. 10 30539 Hannover&hellip;\" \/>\n<meta property=\"og:url\" content=\"https:\/\/kms-hannover.com\/impressum\" \/>\n<meta property=\"og:site_name\" content=\"KMS Hannover \u2013 Ihre Experten f\u00fcr Messebau und Messelogistik\" \/>\n<meta property=\"article:publisher\" content=\"https:\/\/www.facebook.com\/kmshannover\/\" \/>\n<meta property=\"article:modified_time\" content=\"2024-06-06T13:28:27+00:00\" \/>\n<meta name=\"twitter:card\" content=\"summary_large_image\" \/>\n<meta name=\"twitter:label1\" content=\"Est. tempo de leitura\" \/>\n\t<meta name=\"twitter:data1\" content=\"13 minutos\" \/>\n<script type=\"application\/ld+json\" class=\"yoast-schema-graph\">{\"@context\":\"https:\\\/\\\/schema.org\",\"@graph\":[{\"@type\":\"WebPage\",\"@id\":\"https:\\\/\\\/kms-hannover.com\\\/impressum\",\"url\":\"https:\\\/\\\/kms-hannover.com\\\/impressum\",\"name\":\"KMS Hannover \u2013 Ihre Experten f\u00fcr Messebau und Messelogistik\",\"isPartOf\":{\"@id\":\"https:\\\/\\\/kms-hannover.com\\\/#website\"},\"datePublished\":\"2015-09-03T07:19:09+00:00\",\"dateModified\":\"2024-06-06T13:28:27+00:00\",\"breadcrumb\":{\"@id\":\"https:\\\/\\\/kms-hannover.com\\\/impressum#breadcrumb\"},\"inLanguage\":\"pt-BR\",\"potentialAction\":[{\"@type\":\"ReadAction\",\"target\":[\"https:\\\/\\\/kms-hannover.com\\\/impressum\"]}]},{\"@type\":\"BreadcrumbList\",\"@id\":\"https:\\\/\\\/kms-hannover.com\\\/impressum#breadcrumb\",\"itemListElement\":[{\"@type\":\"ListItem\",\"position\":1,\"name\":\"Startseite\",\"item\":\"https:\\\/\\\/kms-hannover.com\\\/\"},{\"@type\":\"ListItem\",\"position\":2,\"name\":\"Impressum\"}]},{\"@type\":\"WebSite\",\"@id\":\"https:\\\/\\\/kms-hannover.com\\\/#website\",\"url\":\"https:\\\/\\\/kms-hannover.com\\\/\",\"name\":\"Kr\u00fcger Montage Service GmbH\",\"description\":\"Messelogistik und Messeaufbau in Deutschland und Europa\",\"publisher\":{\"@id\":\"https:\\\/\\\/kms-hannover.com\\\/#organization\"},\"potentialAction\":[{\"@type\":\"SearchAction\",\"target\":{\"@type\":\"EntryPoint\",\"urlTemplate\":\"https:\\\/\\\/kms-hannover.com\\\/?s={search_term_string}\"},\"query-input\":{\"@type\":\"PropertyValueSpecification\",\"valueRequired\":true,\"valueName\":\"search_term_string\"}}],\"inLanguage\":\"pt-BR\"},{\"@type\":\"Organization\",\"@id\":\"https:\\\/\\\/kms-hannover.com\\\/#organization\",\"name\":\"Kr\u00fcger Montage Service GmbH\",\"url\":\"https:\\\/\\\/kms-hannover.com\\\/\",\"logo\":{\"@type\":\"ImageObject\",\"inLanguage\":\"pt-BR\",\"@id\":\"https:\\\/\\\/kms-hannover.com\\\/#\\\/schema\\\/logo\\\/image\\\/\",\"url\":\"https:\\\/\\\/kms-hannover.com\\\/wp-content\\\/uploads\\\/2016\\\/02\\\/logo.jpg\",\"contentUrl\":\"https:\\\/\\\/kms-hannover.com\\\/wp-content\\\/uploads\\\/2016\\\/02\\\/logo.jpg\",\"width\":205,\"height\":50,\"caption\":\"Kr\u00fcger Montage Service GmbH\"},\"image\":{\"@id\":\"https:\\\/\\\/kms-hannover.com\\\/#\\\/schema\\\/logo\\\/image\\\/\"},\"sameAs\":[\"https:\\\/\\\/www.facebook.com\\\/kmshannover\\\/\",\"https:\\\/\\\/www.instagram.com\\\/kms_hannover\\\/\"]}]}<\/script>\n<!-- \/ Yoast SEO plugin. -->","yoast_head_json":{"title":"KMS Hannover \u2013 Ihre Experten f\u00fcr Messebau und Messelogistik","robots":{"index":"index","follow":"follow","max-snippet":"max-snippet:-1","max-image-preview":"max-image-preview:large","max-video-preview":"max-video-preview:-1"},"canonical":"https:\/\/kms-hannover.com\/impressum","og_locale":"pt_BR","og_type":"article","og_title":"KMS Hannover \u2013 Ihre Experten f\u00fcr Messebau und Messelogistik","og_description":"Informa\u00e7\u00e3o de acordo com \u00a7 5 TMG: Kr\u00fcger Montage Service GmbH. Br\u00fcsselerstr. 10 30539 Hannover&hellip;","og_url":"https:\/\/kms-hannover.com\/impressum","og_site_name":"KMS Hannover \u2013 Ihre Experten f\u00fcr Messebau und Messelogistik","article_publisher":"https:\/\/www.facebook.com\/kmshannover\/","article_modified_time":"2024-06-06T13:28:27+00:00","twitter_card":"summary_large_image","twitter_misc":{"Est. tempo de leitura":"13 minutos"},"schema":{"@context":"https:\/\/schema.org","@graph":[{"@type":"WebPage","@id":"https:\/\/kms-hannover.com\/impressum","url":"https:\/\/kms-hannover.com\/impressum","name":"KMS Hannover \u2013 Ihre Experten f\u00fcr Messebau und Messelogistik","isPartOf":{"@id":"https:\/\/kms-hannover.com\/#website"},"datePublished":"2015-09-03T07:19:09+00:00","dateModified":"2024-06-06T13:28:27+00:00","breadcrumb":{"@id":"https:\/\/kms-hannover.com\/impressum#breadcrumb"},"inLanguage":"pt-BR","potentialAction":[{"@type":"ReadAction","target":["https:\/\/kms-hannover.com\/impressum"]}]},{"@type":"BreadcrumbList","@id":"https:\/\/kms-hannover.com\/impressum#breadcrumb","itemListElement":[{"@type":"ListItem","position":1,"name":"Startseite","item":"https:\/\/kms-hannover.com\/"},{"@type":"ListItem","position":2,"name":"Impressum"}]},{"@type":"WebSite","@id":"https:\/\/kms-hannover.com\/#website","url":"https:\/\/kms-hannover.com\/","name":"Kr\u00fcger Montage Service GmbH","description":"Messelogistik und Messeaufbau in Deutschland und Europa","publisher":{"@id":"https:\/\/kms-hannover.com\/#organization"},"potentialAction":[{"@type":"SearchAction","target":{"@type":"EntryPoint","urlTemplate":"https:\/\/kms-hannover.com\/?s={search_term_string}"},"query-input":{"@type":"PropertyValueSpecification","valueRequired":true,"valueName":"search_term_string"}}],"inLanguage":"pt-BR"},{"@type":"Organization","@id":"https:\/\/kms-hannover.com\/#organization","name":"Kr\u00fcger Montage Service GmbH","url":"https:\/\/kms-hannover.com\/","logo":{"@type":"ImageObject","inLanguage":"pt-BR","@id":"https:\/\/kms-hannover.com\/#\/schema\/logo\/image\/","url":"https:\/\/kms-hannover.com\/wp-content\/uploads\/2016\/02\/logo.jpg","contentUrl":"https:\/\/kms-hannover.com\/wp-content\/uploads\/2016\/02\/logo.jpg","width":205,"height":50,"caption":"Kr\u00fcger Montage Service GmbH"},"image":{"@id":"https:\/\/kms-hannover.com\/#\/schema\/logo\/image\/"},"sameAs":["https:\/\/www.facebook.com\/kmshannover\/","https:\/\/www.instagram.com\/kms_hannover\/"]}]}},"_links":{"self":[{"href":"https:\/\/kms-hannover.com\/pb\/wp-json\/wp\/v2\/pages\/75","targetHints":{"allow":["GET"]}}],"collection":[{"href":"https:\/\/kms-hannover.com\/pb\/wp-json\/wp\/v2\/pages"}],"about":[{"href":"https:\/\/kms-hannover.com\/pb\/wp-json\/wp\/v2\/types\/page"}],"author":[{"embeddable":true,"href":"https:\/\/kms-hannover.com\/pb\/wp-json\/wp\/v2\/users\/1"}],"replies":[{"embeddable":true,"href":"https:\/\/kms-hannover.com\/pb\/wp-json\/wp\/v2\/comments?post=75"}],"version-history":[{"count":36,"href":"https:\/\/kms-hannover.com\/pb\/wp-json\/wp\/v2\/pages\/75\/revisions"}],"predecessor-version":[{"id":3778,"href":"https:\/\/kms-hannover.com\/pb\/wp-json\/wp\/v2\/pages\/75\/revisions\/3778"}],"wp:attachment":[{"href":"https:\/\/kms-hannover.com\/pb\/wp-json\/wp\/v2\/media?parent=75"}],"curies":[{"name":"wp","href":"https:\/\/api.w.org\/{rel}","templated":true}]}}