{"id":436,"date":"2015-09-28T06:15:30","date_gmt":"2015-09-28T06:15:30","guid":{"rendered":"http:\/\/kmshannover.apps-1and1.net\/?page_id=436"},"modified":"2018-09-28T14:42:00","modified_gmt":"2018-09-28T14:42:00","slug":"fuhrpark","status":"publish","type":"page","link":"https:\/\/kms-hannover.com\/pb\/fuhrpark","title":{"rendered":"a frota"},"content":{"rendered":"<p><\/p>\n<h1>Para tornar sua apar\u00eancia comercial um sucesso, nossos ve\u00edculos est\u00e3o prontos<\/h1>\n<h1><\/h1>\n<p><img decoding=\"async\" src=\"https:\/\/kms-hannover.com\/wp-content\/uploads\/2018\/06\/Fuhrpark-KMS-Hannover.jpg\" \/><\/p>\n<p>Todos os caminh\u00f5es s\u00e3o equipados com uma plataforma de carregamento para descarga sem empilhadeira.<br \/>\nSe o volume de carga for insuficiente, temos o trailer certo para cada ve\u00edculo.<br \/>\nAl\u00e9m disso, temos trabalhado com um dos principais parceiros de log\u00edstica de feiras em todos os locais de feiras de neg\u00f3cios em toda a Europa por muitos anos.<\/p>","protected":false},"excerpt":{"rendered":"<p>Para tornar sua apar\u00eancia comercial um sucesso, nossos ve\u00edculos est\u00e3o prontos Todos os caminh\u00f5es s\u00e3o&hellip; <\/p>\n","protected":false},"author":1,"featured_media":0,"parent":0,"menu_order":0,"comment_status":"closed","ping_status":"closed","template":"","meta":{"footnotes":""},"class_list":["post-436","page","type-page","status-publish","hentry"],"yoast_head":"<!-- This site is optimized with the Yoast SEO plugin v27.3 - https:\/\/yoast.com\/product\/yoast-seo-wordpress\/ -->\n<title>Fuhrpark der Kr\u00fcger Montage Service GmbH | F\u00fcr Ihren Messeauftritt<\/title>\n<meta name=\"description\" content=\"Damit Ihr Messestand auch dahin kommt wo er hingeh\u00f6rt, steht ein gro\u00dfer Fuhrpark bereit. Vom PKW bis zum gro\u00dfen LKW transportieren wir quer durch Europa.\" \/>\n<meta name=\"robots\" content=\"index, follow, max-snippet:-1, max-image-preview:large, max-video-preview:-1\" \/>\n<link rel=\"canonical\" href=\"https:\/\/kms-hannover.com\/fr\/fuhrpark\" \/>\n<meta property=\"og:locale\" content=\"pt_BR\" \/>\n<meta property=\"og:type\" content=\"article\" \/>\n<meta property=\"og:title\" content=\"Fuhrpark der Kr\u00fcger Montage Service GmbH | F\u00fcr Ihren Messeauftritt\" \/>\n<meta property=\"og:description\" content=\"Damit Ihr Messestand auch dahin kommt wo er hingeh\u00f6rt, steht ein gro\u00dfer Fuhrpark bereit. Vom PKW bis zum gro\u00dfen LKW transportieren wir quer durch Europa.\" \/>\n<meta property=\"og:url\" content=\"https:\/\/kms-hannover.com\/fr\/fuhrpark\" \/>\n<meta property=\"og:site_name\" content=\"KMS Hannover \u2013 Ihre Experten f\u00fcr Messebau und Messelogistik\" \/>\n<meta property=\"article:publisher\" content=\"https:\/\/www.facebook.com\/kmshannover\/\" \/>\n<meta property=\"article:modified_time\" content=\"2018-09-28T14:42:00+00:00\" \/>\n<meta property=\"og:image\" content=\"https:\/\/kms-hannover.com\/wp-content\/uploads\/2018\/06\/Fuhrpark-KMS-Hannover.jpg\" \/>\n<meta name=\"twitter:card\" content=\"summary_large_image\" \/>\n<meta name=\"twitter:label1\" content=\"Est. tempo de leitura\" \/>\n\t<meta name=\"twitter:data1\" content=\"2 minutos\" \/>\n<script type=\"application\/ld+json\" class=\"yoast-schema-graph\">{\"@context\":\"https:\\\/\\\/schema.org\",\"@graph\":[{\"@type\":\"WebPage\",\"@id\":\"https:\\\/\\\/kms-hannover.com\\\/fr\\\/fuhrpark\",\"url\":\"https:\\\/\\\/kms-hannover.com\\\/fr\\\/fuhrpark\",\"name\":\"Fuhrpark der Kr\u00fcger Montage Service GmbH | F\u00fcr Ihren Messeauftritt\",\"isPartOf\":{\"@id\":\"https:\\\/\\\/kms-hannover.com\\\/#website\"},\"primaryImageOfPage\":{\"@id\":\"https:\\\/\\\/kms-hannover.com\\\/fr\\\/fuhrpark#primaryimage\"},\"image\":{\"@id\":\"https:\\\/\\\/kms-hannover.com\\\/fr\\\/fuhrpark#primaryimage\"},\"thumbnailUrl\":\"https:\\\/\\\/kms-hannover.com\\\/wp-content\\\/uploads\\\/2018\\\/06\\\/Fuhrpark-KMS-Hannover.jpg\",\"datePublished\":\"2015-09-28T06:15:30+00:00\",\"dateModified\":\"2018-09-28T14:42:00+00:00\",\"description\":\"Damit Ihr Messestand auch dahin kommt wo er hingeh\u00f6rt, steht ein gro\u00dfer Fuhrpark bereit. Vom PKW bis zum gro\u00dfen LKW transportieren wir quer durch Europa.\",\"breadcrumb\":{\"@id\":\"https:\\\/\\\/kms-hannover.com\\\/fr\\\/fuhrpark#breadcrumb\"},\"inLanguage\":\"pt-BR\",\"potentialAction\":[{\"@type\":\"ReadAction\",\"target\":[\"https:\\\/\\\/kms-hannover.com\\\/fr\\\/fuhrpark\"]}]},{\"@type\":\"ImageObject\",\"inLanguage\":\"pt-BR\",\"@id\":\"https:\\\/\\\/kms-hannover.com\\\/fr\\\/fuhrpark#primaryimage\",\"url\":\"https:\\\/\\\/kms-hannover.com\\\/wp-content\\\/uploads\\\/2018\\\/06\\\/Fuhrpark-KMS-Hannover.jpg\",\"contentUrl\":\"https:\\\/\\\/kms-hannover.com\\\/wp-content\\\/uploads\\\/2018\\\/06\\\/Fuhrpark-KMS-Hannover.jpg\"},{\"@type\":\"BreadcrumbList\",\"@id\":\"https:\\\/\\\/kms-hannover.com\\\/fr\\\/fuhrpark#breadcrumb\",\"itemListElement\":[{\"@type\":\"ListItem\",\"position\":1,\"name\":\"Startseite\",\"item\":\"https:\\\/\\\/kms-hannover.com\\\/\"},{\"@type\":\"ListItem\",\"position\":2,\"name\":\"la flotte\"}]},{\"@type\":\"WebSite\",\"@id\":\"https:\\\/\\\/kms-hannover.com\\\/#website\",\"url\":\"https:\\\/\\\/kms-hannover.com\\\/\",\"name\":\"Kr\u00fcger Montage Service GmbH\",\"description\":\"Messelogistik und Messeaufbau in Deutschland und Europa\",\"publisher\":{\"@id\":\"https:\\\/\\\/kms-hannover.com\\\/#organization\"},\"potentialAction\":[{\"@type\":\"SearchAction\",\"target\":{\"@type\":\"EntryPoint\",\"urlTemplate\":\"https:\\\/\\\/kms-hannover.com\\\/?s={search_term_string}\"},\"query-input\":{\"@type\":\"PropertyValueSpecification\",\"valueRequired\":true,\"valueName\":\"search_term_string\"}}],\"inLanguage\":\"pt-BR\"},{\"@type\":\"Organization\",\"@id\":\"https:\\\/\\\/kms-hannover.com\\\/#organization\",\"name\":\"Kr\u00fcger Montage Service GmbH\",\"url\":\"https:\\\/\\\/kms-hannover.com\\\/\",\"logo\":{\"@type\":\"ImageObject\",\"inLanguage\":\"pt-BR\",\"@id\":\"https:\\\/\\\/kms-hannover.com\\\/#\\\/schema\\\/logo\\\/image\\\/\",\"url\":\"https:\\\/\\\/kms-hannover.com\\\/wp-content\\\/uploads\\\/2016\\\/02\\\/logo.jpg\",\"contentUrl\":\"https:\\\/\\\/kms-hannover.com\\\/wp-content\\\/uploads\\\/2016\\\/02\\\/logo.jpg\",\"width\":205,\"height\":50,\"caption\":\"Kr\u00fcger Montage Service GmbH\"},\"image\":{\"@id\":\"https:\\\/\\\/kms-hannover.com\\\/#\\\/schema\\\/logo\\\/image\\\/\"},\"sameAs\":[\"https:\\\/\\\/www.facebook.com\\\/kmshannover\\\/\",\"https:\\\/\\\/www.instagram.com\\\/kms_hannover\\\/\"]}]}<\/script>\n<!-- \/ Yoast SEO plugin. -->","yoast_head_json":{"title":"Fuhrpark der Kr\u00fcger Montage Service GmbH | F\u00fcr Ihren Messeauftritt","description":"Damit Ihr Messestand auch dahin kommt wo er hingeh\u00f6rt, steht ein gro\u00dfer Fuhrpark bereit. Vom PKW bis zum gro\u00dfen LKW transportieren wir quer durch Europa.","robots":{"index":"index","follow":"follow","max-snippet":"max-snippet:-1","max-image-preview":"max-image-preview:large","max-video-preview":"max-video-preview:-1"},"canonical":"https:\/\/kms-hannover.com\/fr\/fuhrpark","og_locale":"pt_BR","og_type":"article","og_title":"Fuhrpark der Kr\u00fcger Montage Service GmbH | F\u00fcr Ihren Messeauftritt","og_description":"Damit Ihr Messestand auch dahin kommt wo er hingeh\u00f6rt, steht ein gro\u00dfer Fuhrpark bereit. Vom PKW bis zum gro\u00dfen LKW transportieren wir quer durch Europa.","og_url":"https:\/\/kms-hannover.com\/fr\/fuhrpark","og_site_name":"KMS Hannover \u2013 Ihre Experten f\u00fcr Messebau und Messelogistik","article_publisher":"https:\/\/www.facebook.com\/kmshannover\/","article_modified_time":"2018-09-28T14:42:00+00:00","og_image":[{"url":"https:\/\/kms-hannover.com\/wp-content\/uploads\/2018\/06\/Fuhrpark-KMS-Hannover.jpg","type":"","width":"","height":""}],"twitter_card":"summary_large_image","twitter_misc":{"Est. tempo de leitura":"2 minutos"},"schema":{"@context":"https:\/\/schema.org","@graph":[{"@type":"WebPage","@id":"https:\/\/kms-hannover.com\/fr\/fuhrpark","url":"https:\/\/kms-hannover.com\/fr\/fuhrpark","name":"Fuhrpark der Kr\u00fcger Montage Service GmbH | F\u00fcr Ihren Messeauftritt","isPartOf":{"@id":"https:\/\/kms-hannover.com\/#website"},"primaryImageOfPage":{"@id":"https:\/\/kms-hannover.com\/fr\/fuhrpark#primaryimage"},"image":{"@id":"https:\/\/kms-hannover.com\/fr\/fuhrpark#primaryimage"},"thumbnailUrl":"https:\/\/kms-hannover.com\/wp-content\/uploads\/2018\/06\/Fuhrpark-KMS-Hannover.jpg","datePublished":"2015-09-28T06:15:30+00:00","dateModified":"2018-09-28T14:42:00+00:00","description":"Damit Ihr Messestand auch dahin kommt wo er hingeh\u00f6rt, steht ein gro\u00dfer Fuhrpark bereit. Vom PKW bis zum gro\u00dfen LKW transportieren wir quer durch Europa.","breadcrumb":{"@id":"https:\/\/kms-hannover.com\/fr\/fuhrpark#breadcrumb"},"inLanguage":"pt-BR","potentialAction":[{"@type":"ReadAction","target":["https:\/\/kms-hannover.com\/fr\/fuhrpark"]}]},{"@type":"ImageObject","inLanguage":"pt-BR","@id":"https:\/\/kms-hannover.com\/fr\/fuhrpark#primaryimage","url":"https:\/\/kms-hannover.com\/wp-content\/uploads\/2018\/06\/Fuhrpark-KMS-Hannover.jpg","contentUrl":"https:\/\/kms-hannover.com\/wp-content\/uploads\/2018\/06\/Fuhrpark-KMS-Hannover.jpg"},{"@type":"BreadcrumbList","@id":"https:\/\/kms-hannover.com\/fr\/fuhrpark#breadcrumb","itemListElement":[{"@type":"ListItem","position":1,"name":"Startseite","item":"https:\/\/kms-hannover.com\/"},{"@type":"ListItem","position":2,"name":"la flotte"}]},{"@type":"WebSite","@id":"https:\/\/kms-hannover.com\/#website","url":"https:\/\/kms-hannover.com\/","name":"Kr\u00fcger Montage Service GmbH","description":"Messelogistik und Messeaufbau in Deutschland und Europa","publisher":{"@id":"https:\/\/kms-hannover.com\/#organization"},"potentialAction":[{"@type":"SearchAction","target":{"@type":"EntryPoint","urlTemplate":"https:\/\/kms-hannover.com\/?s={search_term_string}"},"query-input":{"@type":"PropertyValueSpecification","valueRequired":true,"valueName":"search_term_string"}}],"inLanguage":"pt-BR"},{"@type":"Organization","@id":"https:\/\/kms-hannover.com\/#organization","name":"Kr\u00fcger Montage Service GmbH","url":"https:\/\/kms-hannover.com\/","logo":{"@type":"ImageObject","inLanguage":"pt-BR","@id":"https:\/\/kms-hannover.com\/#\/schema\/logo\/image\/","url":"https:\/\/kms-hannover.com\/wp-content\/uploads\/2016\/02\/logo.jpg","contentUrl":"https:\/\/kms-hannover.com\/wp-content\/uploads\/2016\/02\/logo.jpg","width":205,"height":50,"caption":"Kr\u00fcger Montage Service GmbH"},"image":{"@id":"https:\/\/kms-hannover.com\/#\/schema\/logo\/image\/"},"sameAs":["https:\/\/www.facebook.com\/kmshannover\/","https:\/\/www.instagram.com\/kms_hannover\/"]}]}},"_links":{"self":[{"href":"https:\/\/kms-hannover.com\/pb\/wp-json\/wp\/v2\/pages\/436","targetHints":{"allow":["GET"]}}],"collection":[{"href":"https:\/\/kms-hannover.com\/pb\/wp-json\/wp\/v2\/pages"}],"about":[{"href":"https:\/\/kms-hannover.com\/pb\/wp-json\/wp\/v2\/types\/page"}],"author":[{"embeddable":true,"href":"https:\/\/kms-hannover.com\/pb\/wp-json\/wp\/v2\/users\/1"}],"replies":[{"embeddable":true,"href":"https:\/\/kms-hannover.com\/pb\/wp-json\/wp\/v2\/comments?post=436"}],"version-history":[{"count":32,"href":"https:\/\/kms-hannover.com\/pb\/wp-json\/wp\/v2\/pages\/436\/revisions"}],"predecessor-version":[{"id":2553,"href":"https:\/\/kms-hannover.com\/pb\/wp-json\/wp\/v2\/pages\/436\/revisions\/2553"}],"wp:attachment":[{"href":"https:\/\/kms-hannover.com\/pb\/wp-json\/wp\/v2\/media?parent=436"}],"curies":[{"name":"wp","href":"https:\/\/api.w.org\/{rel}","templated":true}]}}