{"id":369,"date":"2015-09-11T18:00:29","date_gmt":"2015-09-11T18:00:29","guid":{"rendered":"http:\/\/kmshannover.apps-1and1.net\/?page_id=369"},"modified":"2021-10-12T13:32:09","modified_gmt":"2021-10-12T13:32:09","slug":"datenschutzerklaerung","status":"publish","type":"page","link":"https:\/\/kms-hannover.com\/pb\/datenschutzerklaerung","title":{"rendered":"Privacidade de dados"},"content":{"rendered":"<p><\/p>\n<h2>Privacidade de dados<\/h2>\n<p>Os operadores desses sites tomam muito a s\u00e9rio a prote\u00e7\u00e3o de seus dados pessoais. Tratamos seus dados pessoais de forma confidencial e de acordo com os regulamentos legais de prote\u00e7\u00e3o de dados, bem como com essa declara\u00e7\u00e3o de prote\u00e7\u00e3o de dados.<\/p>\n<p>O uso do nosso site normalmente \u00e9 poss\u00edvel sem dados pessoais. Se os dados pessoais (por exemplo, nome, endere\u00e7o ou endere\u00e7o de e-mail) forem coletados em nossas p\u00e1ginas, isso sempre \u00e9 feito de forma volunt\u00e1ria na medida do poss\u00edvel. Estes dados n\u00e3o ser\u00e3o transmitidos a terceiros sem o seu consentimento expresso.<\/p>\n<p>Gostar\u00edamos de salientar que a transmiss\u00e3o de dados na Internet (por exemplo, quando se comunica via e-mail) pode apresentar lacunas de seguran\u00e7a. N\u00e3o \u00e9 poss\u00edvel uma prote\u00e7\u00e3o completa dos dados antes do acesso de terceiros.<\/p>\n<h2>Cookies<\/h2>\n<p>As p\u00e1ginas da Internet usam parcialmente os chamados cookies. Os cookies n\u00e3o danificam o seu computador e n\u00e3o cont\u00eam v\u00edrus. Os cookies s\u00e3o usados para tornar nossa oferta mais f\u00e1cil de usar, mais efetiva e segura. Os cookies s\u00e3o pequenos arquivos de texto que s\u00e3o armazenados em seu computador e armazenados pelo seu navegador.<\/p>\n<p>A maioria dos cookies que usamos s\u00e3o chamados de &#8220;cookies de sess\u00e3o&#8221;. Voc\u00ea estar\u00e1 excluido automaticamente no final da sua visita. Outros cookies permanecem no seu dispositivo at\u00e9 voc\u00ea exclu\u00ed-los. Esses cookies nos permitem reconhecer seu navegador na pr\u00f3xima visita.<\/p>\n<p>Voc\u00ea pode configurar seu navegador para que voc\u00ea seja informado sobre a configura\u00e7\u00e3o de cookies e permitir cookies somente em casos individuais, para excluir a aceita\u00e7\u00e3o de cookies para casos espec\u00edficos ou em geral, e para ativar a exclus\u00e3o autom\u00e1tica de cookies quando o navegador estiver fechado. A funcionalidade deste site pode ser restrita quando os cookies s\u00e3o desativados.<\/p>\n<h2>Arquivos de log do servidor<\/h2>\n<p>O fornecedor das p\u00e1ginas coleta e salva automaticamente informa\u00e7\u00f5es nos chamados arquivos de log do servidor, que seu navegador nos transmite automaticamente. Estes s\u00e3o:<\/p>\n<p>\u2022 Tipo de navega\u00e7\u00e3o e vers\u00e3o de navega\u00e7\u00e3o<br \/>\n\u2022 Sistema operacional usado<br \/>\n\u2022 URL do remetente<br \/>\n\u2022 Nome do host do computador acessando<br \/>\n\u2022 Hora do pedido do servidor<\/p>\n<p>Esses dados n\u00e3o podem ser atribu\u00eddos a pessoas espec\u00edficas. Esses dados n\u00e3o s\u00e3o mesclados com outras fontes de dados. Reservamo-nos o direito de verificar esses dados em uma data posterior, se tivermos conhecimento de quaisquer indica\u00e7\u00f5es espec\u00edficas para uso ilegal.<\/p>\n<h2>Fomul\u00e1rio de contato<\/h2>\n<p>Se voc\u00ea nos envia perguntas por meio de um formul\u00e1rio de contato, suas informa\u00e7\u00f5es do formul\u00e1rio de consulta, incluindo os detalhes de contato que voc\u00ea fornece, ser\u00e3o armazenadas conosco para o processamento do inqu\u00e9rito e para o caso de quest\u00f5es de conex\u00e3o. N\u00e3o transmitimos esses dados sem o seu consentimento.<\/p>\n<h2>Boletim de dados<\/h2>\n<p>Se voc\u00ea quiser receber a newsletter(boletim de dados) oferecida no site, n\u00f3s exigimos um endere\u00e7o de e-mail, bem como informa\u00e7\u00f5es que nos permitem verificar que voc\u00ea \u00e9 o propriet\u00e1rio do endere\u00e7o de e-mail fornecido e concorda em receber o boletim , Mais dados n\u00e3o s\u00e3o coletados. Usamos esses dados exclusivamente para enviar as informa\u00e7\u00f5es solicitadas e n\u00e3o pass\u00e1-lo para terceiros.<\/p>\n<p>Voc\u00ea pode revogar o seu consentimento para o armazenamento dos dados, o endere\u00e7o de e-mail e seu uso para enviar os boletins informativos a qualquer momento, por exemplo, atrav\u00e9s do link &#8220;Cancelar inscri\u00e7\u00e3o&#8221; na newsletter.<\/p>\n<h2>Encripta\u00e7\u00e3o SSL<\/h2>\n<p>Este site usa criptografia SSL por raz\u00f5es de seguran\u00e7a e para proteger a transmiss\u00e3o de conte\u00fado confidencial, como as consultas que voc\u00ea nos envia como operador de site. Uma conex\u00e3o criptografada indica que a linha de endere\u00e7o do navegador muda de &#8220;http: \/\/&#8221; para &#8220;https: \/\/&#8221; e no \u00edcone de bloqueio na linha do seu navegador.<\/p>\n<p>Se a criptografia SSL for ativada, os dados que voc\u00ea nos transfere n\u00e3o podem ser lidos por terceiros.<\/p>\n<h2>Informa\u00e7\u00e3o, elimina\u00e7\u00e3o, bloqueio<\/h2>\n<p>A qualquer momento, voc\u00ea tem direito a informa\u00e7\u00f5es gratuitas sobre seus dados pessoais armazenados, sua origem e destinat\u00e1rio, o prop\u00f3sito do processamento de dados e o direito de corrigir, bloquear ou excluir esses dados. Para mais informa\u00e7\u00f5es sobre o assunto dos dados pessoais, pode contactar-nos a qualquer momento no endere\u00e7o indicado no impresso.<\/p>\n<h2>Contradi\u00e7\u00e3o de correios publicit\u00e1rios<\/h2>\n<p>Por meio deste, objetamos o uso de dados de contato publicados no contexto da obriga\u00e7\u00e3o de impress\u00e3o para a transmiss\u00e3o de materiais de publicidade e informa\u00e7\u00f5es que n\u00e3o s\u00e3o expressamente solicitados. Os operadores das p\u00e1ginas reservam-se expressamente o direito de tomar medidas legais no caso de envio n\u00e3o solicitado de informa\u00e7\u00f5es publicit\u00e1rias, por exemplo, por e-mails de spam.<br \/>\nQuelle: eRecht24<\/p>\n<h2>Pol\u00edtica de privacidade para usar as fontes da Web do Google<\/h2>\n<p>Este site usa as Fontes da Web do Google usadas pela Google Inc. para melhorar a apar\u00eancia do conte\u00fado.<\/p>\n<p>Quando voc\u00ea visita p\u00e1ginas que cont\u00eam texto formatado com fontes da Web do Google, voc\u00ea se conecta aos bancos de dados da Google Inc. para carregar as fontes da Web. \u00c9 de se esperar que seu n\u00famero de IP e outras informa\u00e7\u00f5es sobre o uso deste e outros sites (referentes) ser\u00e3o transferidos para servidores do Google nos EUA e armazenados l\u00e1.<\/p>\n<p>Nenhuma informa\u00e7\u00e3o espec\u00edfica \u00e9 fornecida pelo Google Inc. sobre o uso dessas informa\u00e7\u00f5es. No entanto, os termos e condi\u00e7\u00f5es gerais da Google Inc., que se relacionam, entre outras coisas, com quest\u00f5es compar\u00e1veis. Por exemplo, o Google AdSense (um servi\u00e7o para incorporar an\u00fancios do Google Inc. que n\u00e3o \u00e9 usado por este site) usa cookies, bem como web Beacons (gr\u00e1ficos invis\u00edveis).<\/p>\n<p>Atrav\u00e9s destes web Beacons, informa\u00e7\u00f5es como tr\u00e1fego de visitantes nessas p\u00e1ginas podem ser avaliadas. As informa\u00e7\u00f5es geradas pela Web Beacons sobre o uso deste site (incluindo seu endere\u00e7o IP e o referente) e a entrega de formatos publicit\u00e1rios s\u00e3o transmitidas para um servidor Google nos EUA e armazenadas l\u00e1.<\/p>\n<p>O Referer \u00e9 uma caracter\u00edstica que cada navegador \u00e9 capaz de se comunicar automaticamente com o provedor de um site, na qual outra p\u00e1gina inicial o link foi conduzido a ele. Com alguns navegadores, voc\u00ea pode desligar o referente, mas algumas subp\u00e1ginas podem n\u00e3o funcionar corretamente. Em casos individuais, voc\u00ea pode suprimir o referente ao n\u00e3o clicar em um link, mas digit\u00e1-lo na linha de endere\u00e7o.<\/p>\n<p>Esta informa\u00e7\u00e3o pode ser recolhida pelo Google Inc. com outros dados, utilizada para melhorar suas pr\u00f3prias ofertas e transmitida aos parceiros contratados do Google para criar ofertas feitas sob medida. Ao usar este site, voc\u00ea concorda com o processamento dos dados coletados sobre voc\u00ea pelo Google Inc. da maneira e para os fins estabelecidos acima.<\/p>\n<h2>Pol\u00edtica de privacidade para usar o Google Maps<\/h2>\n<p>O site kms-hannover.com usa a API do Google Maps para visualizar informa\u00e7\u00f5es geogr\u00e1ficas. Ao usar o Google Maps, o Google tamb\u00e9m coleta, processa e usa dados sobre o uso das fun\u00e7\u00f5es do Maps pelos visitantes dos sites. Para obter mais informa\u00e7\u00f5es sobre o processamento de dados do Google, consulte a Pol\u00edtica de privacidade do Google. L\u00e1, voc\u00ea tamb\u00e9m pode alterar suas configura\u00e7\u00f5es no Centro de privacidade para que voc\u00ea possa gerenciar e proteger seus dados.<\/p>","protected":false},"excerpt":{"rendered":"<p>Privacidade de dados Os operadores desses sites tomam muito a s\u00e9rio a prote\u00e7\u00e3o de seus&hellip; <\/p>\n","protected":false},"author":1,"featured_media":0,"parent":0,"menu_order":0,"comment_status":"closed","ping_status":"closed","template":"","meta":{"footnotes":""},"class_list":["post-369","page","type-page","status-publish","hentry"],"yoast_head":"<!-- This site is optimized with the Yoast SEO plugin v27.3 - https:\/\/yoast.com\/product\/yoast-seo-wordpress\/ -->\n<title>KMS Hannover \u2013 Ihre Experten f\u00fcr Messebau und Messelogistik<\/title>\n<meta name=\"robots\" content=\"index, follow, max-snippet:-1, max-image-preview:large, max-video-preview:-1\" \/>\n<link rel=\"canonical\" href=\"https:\/\/kms-hannover.com\/datenschutzerklaerung\" \/>\n<meta property=\"og:locale\" content=\"pt_BR\" \/>\n<meta property=\"og:type\" content=\"article\" \/>\n<meta property=\"og:title\" content=\"KMS Hannover \u2013 Ihre Experten f\u00fcr Messebau und Messelogistik\" \/>\n<meta property=\"og:description\" content=\"Privacidade de dados Os operadores desses sites tomam muito a s\u00e9rio a prote\u00e7\u00e3o de seus&hellip;\" \/>\n<meta property=\"og:url\" content=\"https:\/\/kms-hannover.com\/datenschutzerklaerung\" \/>\n<meta property=\"og:site_name\" content=\"KMS Hannover \u2013 Ihre Experten f\u00fcr Messebau und Messelogistik\" \/>\n<meta property=\"article:publisher\" content=\"https:\/\/www.facebook.com\/kmshannover\/\" \/>\n<meta property=\"article:modified_time\" content=\"2021-10-12T13:32:09+00:00\" \/>\n<meta name=\"twitter:card\" content=\"summary_large_image\" \/>\n<meta name=\"twitter:label1\" content=\"Est. tempo de leitura\" \/>\n\t<meta name=\"twitter:data1\" content=\"51 minutos\" \/>\n<script type=\"application\/ld+json\" class=\"yoast-schema-graph\">{\"@context\":\"https:\\\/\\\/schema.org\",\"@graph\":[{\"@type\":\"WebPage\",\"@id\":\"https:\\\/\\\/kms-hannover.com\\\/datenschutzerklaerung\",\"url\":\"https:\\\/\\\/kms-hannover.com\\\/datenschutzerklaerung\",\"name\":\"KMS Hannover \u2013 Ihre Experten f\u00fcr Messebau und Messelogistik\",\"isPartOf\":{\"@id\":\"https:\\\/\\\/kms-hannover.com\\\/#website\"},\"datePublished\":\"2015-09-11T18:00:29+00:00\",\"dateModified\":\"2021-10-12T13:32:09+00:00\",\"breadcrumb\":{\"@id\":\"https:\\\/\\\/kms-hannover.com\\\/datenschutzerklaerung#breadcrumb\"},\"inLanguage\":\"pt-BR\",\"potentialAction\":[{\"@type\":\"ReadAction\",\"target\":[\"https:\\\/\\\/kms-hannover.com\\\/datenschutzerklaerung\"]}]},{\"@type\":\"BreadcrumbList\",\"@id\":\"https:\\\/\\\/kms-hannover.com\\\/datenschutzerklaerung#breadcrumb\",\"itemListElement\":[{\"@type\":\"ListItem\",\"position\":1,\"name\":\"Startseite\",\"item\":\"https:\\\/\\\/kms-hannover.com\\\/\"},{\"@type\":\"ListItem\",\"position\":2,\"name\":\"Datenschutzerkl\u00e4rung\"}]},{\"@type\":\"WebSite\",\"@id\":\"https:\\\/\\\/kms-hannover.com\\\/#website\",\"url\":\"https:\\\/\\\/kms-hannover.com\\\/\",\"name\":\"Kr\u00fcger Montage Service GmbH\",\"description\":\"Messelogistik und Messeaufbau in Deutschland und Europa\",\"publisher\":{\"@id\":\"https:\\\/\\\/kms-hannover.com\\\/#organization\"},\"potentialAction\":[{\"@type\":\"SearchAction\",\"target\":{\"@type\":\"EntryPoint\",\"urlTemplate\":\"https:\\\/\\\/kms-hannover.com\\\/?s={search_term_string}\"},\"query-input\":{\"@type\":\"PropertyValueSpecification\",\"valueRequired\":true,\"valueName\":\"search_term_string\"}}],\"inLanguage\":\"pt-BR\"},{\"@type\":\"Organization\",\"@id\":\"https:\\\/\\\/kms-hannover.com\\\/#organization\",\"name\":\"Kr\u00fcger Montage Service GmbH\",\"url\":\"https:\\\/\\\/kms-hannover.com\\\/\",\"logo\":{\"@type\":\"ImageObject\",\"inLanguage\":\"pt-BR\",\"@id\":\"https:\\\/\\\/kms-hannover.com\\\/#\\\/schema\\\/logo\\\/image\\\/\",\"url\":\"https:\\\/\\\/kms-hannover.com\\\/wp-content\\\/uploads\\\/2016\\\/02\\\/logo.jpg\",\"contentUrl\":\"https:\\\/\\\/kms-hannover.com\\\/wp-content\\\/uploads\\\/2016\\\/02\\\/logo.jpg\",\"width\":205,\"height\":50,\"caption\":\"Kr\u00fcger Montage Service GmbH\"},\"image\":{\"@id\":\"https:\\\/\\\/kms-hannover.com\\\/#\\\/schema\\\/logo\\\/image\\\/\"},\"sameAs\":[\"https:\\\/\\\/www.facebook.com\\\/kmshannover\\\/\",\"https:\\\/\\\/www.instagram.com\\\/kms_hannover\\\/\"]}]}<\/script>\n<!-- \/ Yoast SEO plugin. -->","yoast_head_json":{"title":"KMS Hannover \u2013 Ihre Experten f\u00fcr Messebau und Messelogistik","robots":{"index":"index","follow":"follow","max-snippet":"max-snippet:-1","max-image-preview":"max-image-preview:large","max-video-preview":"max-video-preview:-1"},"canonical":"https:\/\/kms-hannover.com\/datenschutzerklaerung","og_locale":"pt_BR","og_type":"article","og_title":"KMS Hannover \u2013 Ihre Experten f\u00fcr Messebau und Messelogistik","og_description":"Privacidade de dados Os operadores desses sites tomam muito a s\u00e9rio a prote\u00e7\u00e3o de seus&hellip;","og_url":"https:\/\/kms-hannover.com\/datenschutzerklaerung","og_site_name":"KMS Hannover \u2013 Ihre Experten f\u00fcr Messebau und Messelogistik","article_publisher":"https:\/\/www.facebook.com\/kmshannover\/","article_modified_time":"2021-10-12T13:32:09+00:00","twitter_card":"summary_large_image","twitter_misc":{"Est. tempo de leitura":"51 minutos"},"schema":{"@context":"https:\/\/schema.org","@graph":[{"@type":"WebPage","@id":"https:\/\/kms-hannover.com\/datenschutzerklaerung","url":"https:\/\/kms-hannover.com\/datenschutzerklaerung","name":"KMS Hannover \u2013 Ihre Experten f\u00fcr Messebau und Messelogistik","isPartOf":{"@id":"https:\/\/kms-hannover.com\/#website"},"datePublished":"2015-09-11T18:00:29+00:00","dateModified":"2021-10-12T13:32:09+00:00","breadcrumb":{"@id":"https:\/\/kms-hannover.com\/datenschutzerklaerung#breadcrumb"},"inLanguage":"pt-BR","potentialAction":[{"@type":"ReadAction","target":["https:\/\/kms-hannover.com\/datenschutzerklaerung"]}]},{"@type":"BreadcrumbList","@id":"https:\/\/kms-hannover.com\/datenschutzerklaerung#breadcrumb","itemListElement":[{"@type":"ListItem","position":1,"name":"Startseite","item":"https:\/\/kms-hannover.com\/"},{"@type":"ListItem","position":2,"name":"Datenschutzerkl\u00e4rung"}]},{"@type":"WebSite","@id":"https:\/\/kms-hannover.com\/#website","url":"https:\/\/kms-hannover.com\/","name":"Kr\u00fcger Montage Service GmbH","description":"Messelogistik und Messeaufbau in Deutschland und Europa","publisher":{"@id":"https:\/\/kms-hannover.com\/#organization"},"potentialAction":[{"@type":"SearchAction","target":{"@type":"EntryPoint","urlTemplate":"https:\/\/kms-hannover.com\/?s={search_term_string}"},"query-input":{"@type":"PropertyValueSpecification","valueRequired":true,"valueName":"search_term_string"}}],"inLanguage":"pt-BR"},{"@type":"Organization","@id":"https:\/\/kms-hannover.com\/#organization","name":"Kr\u00fcger Montage Service GmbH","url":"https:\/\/kms-hannover.com\/","logo":{"@type":"ImageObject","inLanguage":"pt-BR","@id":"https:\/\/kms-hannover.com\/#\/schema\/logo\/image\/","url":"https:\/\/kms-hannover.com\/wp-content\/uploads\/2016\/02\/logo.jpg","contentUrl":"https:\/\/kms-hannover.com\/wp-content\/uploads\/2016\/02\/logo.jpg","width":205,"height":50,"caption":"Kr\u00fcger Montage Service GmbH"},"image":{"@id":"https:\/\/kms-hannover.com\/#\/schema\/logo\/image\/"},"sameAs":["https:\/\/www.facebook.com\/kmshannover\/","https:\/\/www.instagram.com\/kms_hannover\/"]}]}},"_links":{"self":[{"href":"https:\/\/kms-hannover.com\/pb\/wp-json\/wp\/v2\/pages\/369","targetHints":{"allow":["GET"]}}],"collection":[{"href":"https:\/\/kms-hannover.com\/pb\/wp-json\/wp\/v2\/pages"}],"about":[{"href":"https:\/\/kms-hannover.com\/pb\/wp-json\/wp\/v2\/types\/page"}],"author":[{"embeddable":true,"href":"https:\/\/kms-hannover.com\/pb\/wp-json\/wp\/v2\/users\/1"}],"replies":[{"embeddable":true,"href":"https:\/\/kms-hannover.com\/pb\/wp-json\/wp\/v2\/comments?post=369"}],"version-history":[{"count":14,"href":"https:\/\/kms-hannover.com\/pb\/wp-json\/wp\/v2\/pages\/369\/revisions"}],"predecessor-version":[{"id":3284,"href":"https:\/\/kms-hannover.com\/pb\/wp-json\/wp\/v2\/pages\/369\/revisions\/3284"}],"wp:attachment":[{"href":"https:\/\/kms-hannover.com\/pb\/wp-json\/wp\/v2\/media?parent=369"}],"curies":[{"name":"wp","href":"https:\/\/api.w.org\/{rel}","templated":true}]}}