{"id":3306,"date":"2021-11-03T09:06:59","date_gmt":"2021-11-03T09:06:59","guid":{"rendered":"https:\/\/kms-hannover.com\/?page_id=3306"},"modified":"2022-06-02T14:39:09","modified_gmt":"2022-06-02T14:39:09","slug":"messen-2021","status":"publish","type":"page","link":"https:\/\/kms-hannover.com\/pb\/messen-2021","title":{"rendered":"(Deutsch) Messen 2021"},"content":{"rendered":"<p class=\"qtranxs-available-languages-message qtranxs-available-languages-message-pb\">Desculpe-nos, mas este texto est\u00e1 apenas dispon\u00edvel em <a href=\"https:\/\/kms-hannover.com\/de\/wp-json\/wp\/v2\/pages\/3306\" class=\"qtranxs-available-language-link qtranxs-available-language-link-de\" title=\"Deutsch\">Deutsch<\/a>.<\/p>","protected":false},"excerpt":{"rendered":"<p>Desculpe-nos, mas este texto est\u00e1 apenas dispon\u00edvel em Deutsch.<\/p>\n","protected":false},"author":4,"featured_media":0,"parent":0,"menu_order":0,"comment_status":"closed","ping_status":"closed","template":"","meta":{"footnotes":""},"class_list":["post-3306","page","type-page","status-publish","hentry"],"yoast_head":"<!-- This site is optimized with the Yoast SEO plugin v27.3 - https:\/\/yoast.com\/product\/yoast-seo-wordpress\/ -->\n<title>KMS Hannover \u2013 Ihre Experten f\u00fcr Messebau und Messelogistik<\/title>\n<meta name=\"robots\" content=\"index, follow, max-snippet:-1, max-image-preview:large, max-video-preview:-1\" \/>\n<link rel=\"canonical\" href=\"https:\/\/kms-hannover.com\/messen-2021\" \/>\n<meta property=\"og:locale\" content=\"pt_BR\" \/>\n<meta property=\"og:type\" content=\"article\" \/>\n<meta property=\"og:title\" content=\"KMS Hannover \u2013 Ihre Experten f\u00fcr Messebau und Messelogistik\" \/>\n<meta property=\"og:description\" content=\"Desculpe-nos, mas este texto est\u00e1 apenas dispon\u00edvel em Deutsch.\" \/>\n<meta property=\"og:url\" content=\"https:\/\/kms-hannover.com\/messen-2021\" \/>\n<meta property=\"og:site_name\" content=\"KMS Hannover \u2013 Ihre Experten f\u00fcr Messebau und Messelogistik\" \/>\n<meta property=\"article:publisher\" content=\"https:\/\/www.facebook.com\/kmshannover\/\" \/>\n<meta property=\"article:modified_time\" content=\"2022-06-02T14:39:09+00:00\" \/>\n<meta property=\"og:image\" content=\"https:\/\/kms-hannover.com\/wp-content\/uploads\/2021\/11\/formnext-kms-hannover.jpg\" \/>\n<meta name=\"twitter:card\" content=\"summary_large_image\" \/>\n<script type=\"application\/ld+json\" class=\"yoast-schema-graph\">{\"@context\":\"https:\\\/\\\/schema.org\",\"@graph\":[{\"@type\":\"WebPage\",\"@id\":\"https:\\\/\\\/kms-hannover.com\\\/messen-2021\",\"url\":\"https:\\\/\\\/kms-hannover.com\\\/messen-2021\",\"name\":\"KMS Hannover \u2013 Ihre Experten f\u00fcr Messebau und Messelogistik\",\"isPartOf\":{\"@id\":\"https:\\\/\\\/kms-hannover.com\\\/#website\"},\"primaryImageOfPage\":{\"@id\":\"https:\\\/\\\/kms-hannover.com\\\/messen-2021#primaryimage\"},\"image\":{\"@id\":\"https:\\\/\\\/kms-hannover.com\\\/messen-2021#primaryimage\"},\"thumbnailUrl\":\"https:\\\/\\\/kms-hannover.com\\\/wp-content\\\/uploads\\\/2021\\\/11\\\/formnext-kms-hannover.jpg\",\"datePublished\":\"2021-11-03T09:06:59+00:00\",\"dateModified\":\"2022-06-02T14:39:09+00:00\",\"breadcrumb\":{\"@id\":\"https:\\\/\\\/kms-hannover.com\\\/messen-2021#breadcrumb\"},\"inLanguage\":\"pt-BR\",\"potentialAction\":[{\"@type\":\"ReadAction\",\"target\":[\"https:\\\/\\\/kms-hannover.com\\\/messen-2021\"]}]},{\"@type\":\"ImageObject\",\"inLanguage\":\"pt-BR\",\"@id\":\"https:\\\/\\\/kms-hannover.com\\\/messen-2021#primaryimage\",\"url\":\"https:\\\/\\\/kms-hannover.com\\\/wp-content\\\/uploads\\\/2021\\\/11\\\/formnext-kms-hannover.jpg\",\"contentUrl\":\"https:\\\/\\\/kms-hannover.com\\\/wp-content\\\/uploads\\\/2021\\\/11\\\/formnext-kms-hannover.jpg\"},{\"@type\":\"BreadcrumbList\",\"@id\":\"https:\\\/\\\/kms-hannover.com\\\/messen-2021#breadcrumb\",\"itemListElement\":[{\"@type\":\"ListItem\",\"position\":1,\"name\":\"Startseite\",\"item\":\"https:\\\/\\\/kms-hannover.com\\\/\"},{\"@type\":\"ListItem\",\"position\":2,\"name\":\"Messen 2021\"}]},{\"@type\":\"WebSite\",\"@id\":\"https:\\\/\\\/kms-hannover.com\\\/#website\",\"url\":\"https:\\\/\\\/kms-hannover.com\\\/\",\"name\":\"Kr\u00fcger Montage Service GmbH\",\"description\":\"Messelogistik und Messeaufbau in Deutschland und Europa\",\"publisher\":{\"@id\":\"https:\\\/\\\/kms-hannover.com\\\/#organization\"},\"potentialAction\":[{\"@type\":\"SearchAction\",\"target\":{\"@type\":\"EntryPoint\",\"urlTemplate\":\"https:\\\/\\\/kms-hannover.com\\\/?s={search_term_string}\"},\"query-input\":{\"@type\":\"PropertyValueSpecification\",\"valueRequired\":true,\"valueName\":\"search_term_string\"}}],\"inLanguage\":\"pt-BR\"},{\"@type\":\"Organization\",\"@id\":\"https:\\\/\\\/kms-hannover.com\\\/#organization\",\"name\":\"Kr\u00fcger Montage Service GmbH\",\"url\":\"https:\\\/\\\/kms-hannover.com\\\/\",\"logo\":{\"@type\":\"ImageObject\",\"inLanguage\":\"pt-BR\",\"@id\":\"https:\\\/\\\/kms-hannover.com\\\/#\\\/schema\\\/logo\\\/image\\\/\",\"url\":\"https:\\\/\\\/kms-hannover.com\\\/wp-content\\\/uploads\\\/2016\\\/02\\\/logo.jpg\",\"contentUrl\":\"https:\\\/\\\/kms-hannover.com\\\/wp-content\\\/uploads\\\/2016\\\/02\\\/logo.jpg\",\"width\":205,\"height\":50,\"caption\":\"Kr\u00fcger Montage Service GmbH\"},\"image\":{\"@id\":\"https:\\\/\\\/kms-hannover.com\\\/#\\\/schema\\\/logo\\\/image\\\/\"},\"sameAs\":[\"https:\\\/\\\/www.facebook.com\\\/kmshannover\\\/\",\"https:\\\/\\\/www.instagram.com\\\/kms_hannover\\\/\"]}]}<\/script>\n<!-- \/ Yoast SEO plugin. -->","yoast_head_json":{"title":"KMS Hannover \u2013 Ihre Experten f\u00fcr Messebau und Messelogistik","robots":{"index":"index","follow":"follow","max-snippet":"max-snippet:-1","max-image-preview":"max-image-preview:large","max-video-preview":"max-video-preview:-1"},"canonical":"https:\/\/kms-hannover.com\/messen-2021","og_locale":"pt_BR","og_type":"article","og_title":"KMS Hannover \u2013 Ihre Experten f\u00fcr Messebau und Messelogistik","og_description":"Desculpe-nos, mas este texto est\u00e1 apenas dispon\u00edvel em Deutsch.","og_url":"https:\/\/kms-hannover.com\/messen-2021","og_site_name":"KMS Hannover \u2013 Ihre Experten f\u00fcr Messebau und Messelogistik","article_publisher":"https:\/\/www.facebook.com\/kmshannover\/","article_modified_time":"2022-06-02T14:39:09+00:00","og_image":[{"url":"https:\/\/kms-hannover.com\/wp-content\/uploads\/2021\/11\/formnext-kms-hannover.jpg","type":"","width":"","height":""}],"twitter_card":"summary_large_image","schema":{"@context":"https:\/\/schema.org","@graph":[{"@type":"WebPage","@id":"https:\/\/kms-hannover.com\/messen-2021","url":"https:\/\/kms-hannover.com\/messen-2021","name":"KMS Hannover \u2013 Ihre Experten f\u00fcr Messebau und Messelogistik","isPartOf":{"@id":"https:\/\/kms-hannover.com\/#website"},"primaryImageOfPage":{"@id":"https:\/\/kms-hannover.com\/messen-2021#primaryimage"},"image":{"@id":"https:\/\/kms-hannover.com\/messen-2021#primaryimage"},"thumbnailUrl":"https:\/\/kms-hannover.com\/wp-content\/uploads\/2021\/11\/formnext-kms-hannover.jpg","datePublished":"2021-11-03T09:06:59+00:00","dateModified":"2022-06-02T14:39:09+00:00","breadcrumb":{"@id":"https:\/\/kms-hannover.com\/messen-2021#breadcrumb"},"inLanguage":"pt-BR","potentialAction":[{"@type":"ReadAction","target":["https:\/\/kms-hannover.com\/messen-2021"]}]},{"@type":"ImageObject","inLanguage":"pt-BR","@id":"https:\/\/kms-hannover.com\/messen-2021#primaryimage","url":"https:\/\/kms-hannover.com\/wp-content\/uploads\/2021\/11\/formnext-kms-hannover.jpg","contentUrl":"https:\/\/kms-hannover.com\/wp-content\/uploads\/2021\/11\/formnext-kms-hannover.jpg"},{"@type":"BreadcrumbList","@id":"https:\/\/kms-hannover.com\/messen-2021#breadcrumb","itemListElement":[{"@type":"ListItem","position":1,"name":"Startseite","item":"https:\/\/kms-hannover.com\/"},{"@type":"ListItem","position":2,"name":"Messen 2021"}]},{"@type":"WebSite","@id":"https:\/\/kms-hannover.com\/#website","url":"https:\/\/kms-hannover.com\/","name":"Kr\u00fcger Montage Service GmbH","description":"Messelogistik und Messeaufbau in Deutschland und Europa","publisher":{"@id":"https:\/\/kms-hannover.com\/#organization"},"potentialAction":[{"@type":"SearchAction","target":{"@type":"EntryPoint","urlTemplate":"https:\/\/kms-hannover.com\/?s={search_term_string}"},"query-input":{"@type":"PropertyValueSpecification","valueRequired":true,"valueName":"search_term_string"}}],"inLanguage":"pt-BR"},{"@type":"Organization","@id":"https:\/\/kms-hannover.com\/#organization","name":"Kr\u00fcger Montage Service GmbH","url":"https:\/\/kms-hannover.com\/","logo":{"@type":"ImageObject","inLanguage":"pt-BR","@id":"https:\/\/kms-hannover.com\/#\/schema\/logo\/image\/","url":"https:\/\/kms-hannover.com\/wp-content\/uploads\/2016\/02\/logo.jpg","contentUrl":"https:\/\/kms-hannover.com\/wp-content\/uploads\/2016\/02\/logo.jpg","width":205,"height":50,"caption":"Kr\u00fcger Montage Service GmbH"},"image":{"@id":"https:\/\/kms-hannover.com\/#\/schema\/logo\/image\/"},"sameAs":["https:\/\/www.facebook.com\/kmshannover\/","https:\/\/www.instagram.com\/kms_hannover\/"]}]}},"_links":{"self":[{"href":"https:\/\/kms-hannover.com\/pb\/wp-json\/wp\/v2\/pages\/3306","targetHints":{"allow":["GET"]}}],"collection":[{"href":"https:\/\/kms-hannover.com\/pb\/wp-json\/wp\/v2\/pages"}],"about":[{"href":"https:\/\/kms-hannover.com\/pb\/wp-json\/wp\/v2\/types\/page"}],"author":[{"embeddable":true,"href":"https:\/\/kms-hannover.com\/pb\/wp-json\/wp\/v2\/users\/4"}],"replies":[{"embeddable":true,"href":"https:\/\/kms-hannover.com\/pb\/wp-json\/wp\/v2\/comments?post=3306"}],"version-history":[{"count":16,"href":"https:\/\/kms-hannover.com\/pb\/wp-json\/wp\/v2\/pages\/3306\/revisions"}],"predecessor-version":[{"id":3503,"href":"https:\/\/kms-hannover.com\/pb\/wp-json\/wp\/v2\/pages\/3306\/revisions\/3503"}],"wp:attachment":[{"href":"https:\/\/kms-hannover.com\/pb\/wp-json\/wp\/v2\/media?parent=3306"}],"curies":[{"name":"wp","href":"https:\/\/api.w.org\/{rel}","templated":true}]}}