{"id":75,"date":"2015-09-03T07:19:09","date_gmt":"2015-09-03T07:19:09","guid":{"rendered":"http:\/\/kmshannover.apps-1and1.net\/?page_id=75"},"modified":"2024-06-06T13:28:27","modified_gmt":"2024-06-06T13:28:27","slug":"impressum","status":"publish","type":"page","link":"https:\/\/kms-hannover.com\/fr\/impressum","title":{"rendered":"Empreinte"},"content":{"rendered":"<p><\/p>\n<h2>Information selon \u00a7 5 TMG:<\/h2>\n<p>Kr\u00fcger Montage Service GmbH.<br \/>\nBr\u00fcsselerstr. 10<br \/>\n30539 Hannover<\/p>\n<h2>Repr\u00e9sent\u00e9 par:<\/h2>\n<p>Achim Kr\u00fcger<\/p>\n<h2>Contact:<\/h2>\n<table>\n<tbody>\n<tr>\n<td>Telefon:<\/td>\n<td>0511 647 94 34<\/td>\n<\/tr>\n<tr>\n<td>Telefax:<\/td>\n<td>0511 647 94 33<\/td>\n<\/tr>\n<tr>\n<td>E-Mail:<\/td>\n<td>info@kms-hannover.com<\/td>\n<\/tr>\n<\/tbody>\n<\/table>\n<h2>Registereintrag:<\/h2>\n<p>Eintragung im Handelsregister.<br \/>\nRegistergericht:Amtsgericht Hannover<br \/>\nRegisternummer: 203728<\/p>\n<p>Num\u00e9ro d&rsquo;identification TVA:<br \/>\nDE262650755<\/p>\n<h2>Informations sur l&rsquo;assurance responsabilit\u00e9 civile:<\/h2>\n<p>Name und Sitz des Versicherers: N\u00fcrnberger Versicherungsgruppe<\/p>\n<p>N\u00fcrnberg<\/p>\n<p>Port\u00e9e de l&rsquo;assurance: Allemagne<\/p>\n<h2>Responsable du contenu selon \u00a7 55 Abs. 2 RStV:<\/h2>\n<p>Achim Kr\u00fcger<br \/>\nBr\u00fcsseler Str. 10<br \/>\n30539 Hannover<\/p>\n<p><strong>Conception graphique: <\/strong><a href=\"http:\/\/www.caixeta.de\">Caix\u00eata Design<\/a><\/p>\n<p>Sources pour les images et graphiques utilis\u00e9s:<\/p>\n<p>Kr\u00fcger Montage Service GmbH<\/p>\n<p>Die Europ\u00e4ische Kommission stellt eine Plattform zur Online-Streitbeilegung (OS) bereit: <a href=\"http:\/\/ec.europa.eu\/consumers\/odr\">http:\/\/ec.europa.eu\/consumers\/odr<\/a><br \/>\nUnsere E-Mail- Adresse finden Sie oben im Impressum.<\/p>\n<p>&nbsp;<\/p>\n<p>Wir sind nicht bereit oder verpflichtet, an Streitbeilegungsverfahren vor einer Verbraucherschlichtungsstelle teilzunehmen.<\/p>\n<h2>Responsabilit\u00e9 pour le contenu<\/h2>\n<p>En tant que fournisseur de services, nous sommes responsables de notre propre contenu sur ces pages conform\u00e9ment aux lois g\u00e9n\u00e9rales conform\u00e9ment au \u00a7 7 Abs.1 TMG. Selon les \u00a7 8 \u00e0 10 TMG, nous, en tant que fournisseurs de services, ne sommes pas oblig\u00e9s de surveiller les informations transmises ou stock\u00e9es par des tiers ou d&rsquo;enqu\u00eater sur des circonstances qui indiquent une activit\u00e9 ill\u00e9gale.<\/p>\n<p>Les obligations de supprimer ou de bloquer l&rsquo;utilisation de l&rsquo;information selon les lois g\u00e9n\u00e9rales restent inchang\u00e9es. La responsabilit\u00e9 \u00e0 cet \u00e9gard, cependant, n&rsquo;est possible qu&rsquo;\u00e0 partir du moment de la connaissance d&rsquo;une infraction sp\u00e9cifique. Si nous prenons connaissance de telles infractions, nous supprimerons imm\u00e9diatement ce contenu.<\/p>\n<h2>Responsabilit\u00e9 pour les links<\/h2>\n<p>Notre offre contient des liens vers des sites externes de tiers sur le contenu duquel nous n&rsquo;avons aucune influence. Par cons\u00e9quent, nous ne pouvons assumer aucune responsabilit\u00e9 pour ces contenus tiers. Le fournisseur ou l&rsquo;op\u00e9rateur respectif des pages est toujours responsable du contenu des pages li\u00e9es. Les pages li\u00e9es ont \u00e9t\u00e9 v\u00e9rifi\u00e9es pour les \u00e9ventuelles violations l\u00e9gales au moment de la liaison. Les contenus ill\u00e9gaux n&rsquo;\u00e9taient pas reconnaissables au moment de la liaison.<\/p>\n<p>Toutefois, un contr\u00f4le permanent du contenu des pages li\u00e9es n&rsquo;est pas raisonnable sans indication concr\u00e8te d&rsquo;une infraction. Nous supprimerons ces liens imm\u00e9diatement si nous prenons connaissance de toute infraction l\u00e9gale.<\/p>\n<h2>Droit d&rsquo;auteur<\/h2>\n<p>Le contenu et les travaux cr\u00e9\u00e9s par les op\u00e9rateurs du site sur ces pages sont soumis \u00e0 la loi allemande sur le droit d&rsquo;auteur. La copie, le traitement, la distribution et tout type d&rsquo;exploitation au-del\u00e0 des limites du droit d&rsquo;auteur exigent le consentement \u00e9crit de l&rsquo;auteur ou du cr\u00e9ateur respectif. Les t\u00e9l\u00e9chargements et les copies de ce site sont autoris\u00e9s uniquement \u00e0 des fins priv\u00e9es et non commerciales.<\/p>\n<p>Dans la mesure o\u00f9 le contenu sur ce site n&rsquo;a pas \u00e9t\u00e9 cr\u00e9\u00e9 par l&rsquo;op\u00e9rateur, les droits d&rsquo;auteur de tiers sont respect\u00e9s. En particulier, les contenus de tiers sont marqu\u00e9s comme tels. Si vous \u00eates n\u00e9anmoins conscient d&rsquo;une violation du droit d&rsquo;auteur, nous vous demandons une note correspondante. Si nous prenons conscience des violations l\u00e9gales, nous supprimerons imm\u00e9diatement ce contenu<\/p>\n<p>&nbsp;<\/p>\n<p>Quelle: <a href=\"https:\/\/www.e-recht24.de\">https:\/\/www.e-recht24.de<\/a><\/p>","protected":false},"excerpt":{"rendered":"<p>Information selon \u00a7 5 TMG: Kr\u00fcger Montage Service GmbH. Br\u00fcsselerstr. 10 30539 Hannover Repr\u00e9sent\u00e9 par:&hellip; <\/p>\n","protected":false},"author":1,"featured_media":0,"parent":0,"menu_order":0,"comment_status":"closed","ping_status":"closed","template":"","meta":{"footnotes":""},"class_list":["post-75","page","type-page","status-publish","hentry"],"yoast_head":"<!-- This site is optimized with the Yoast SEO plugin v27.4 - https:\/\/yoast.com\/product\/yoast-seo-wordpress\/ -->\n<title>KMS Hannover \u2013 Ihre Experten f\u00fcr Messebau und Messelogistik<\/title>\n<meta name=\"robots\" content=\"index, follow, max-snippet:-1, max-image-preview:large, max-video-preview:-1\" \/>\n<link rel=\"canonical\" href=\"https:\/\/kms-hannover.com\/impressum\" \/>\n<meta property=\"og:locale\" content=\"fr_FR\" \/>\n<meta property=\"og:type\" content=\"article\" \/>\n<meta property=\"og:title\" content=\"KMS Hannover \u2013 Ihre Experten f\u00fcr Messebau und Messelogistik\" \/>\n<meta property=\"og:description\" content=\"Information selon \u00a7 5 TMG: Kr\u00fcger Montage Service GmbH. Br\u00fcsselerstr. 10 30539 Hannover Repr\u00e9sent\u00e9 par:&hellip;\" \/>\n<meta property=\"og:url\" content=\"https:\/\/kms-hannover.com\/impressum\" \/>\n<meta property=\"og:site_name\" content=\"KMS Hannover \u2013 Ihre Experten f\u00fcr Messebau und Messelogistik\" \/>\n<meta property=\"article:publisher\" content=\"https:\/\/www.facebook.com\/kmshannover\/\" \/>\n<meta property=\"article:modified_time\" content=\"2024-06-06T13:28:27+00:00\" \/>\n<meta name=\"twitter:card\" content=\"summary_large_image\" \/>\n<meta name=\"twitter:label1\" content=\"Dur\u00e9e de lecture estim\u00e9e\" \/>\n\t<meta name=\"twitter:data1\" content=\"13 minutes\" \/>\n<script type=\"application\/ld+json\" class=\"yoast-schema-graph\">{\"@context\":\"https:\\\/\\\/schema.org\",\"@graph\":[{\"@type\":\"WebPage\",\"@id\":\"https:\\\/\\\/kms-hannover.com\\\/impressum\",\"url\":\"https:\\\/\\\/kms-hannover.com\\\/impressum\",\"name\":\"KMS Hannover \u2013 Ihre Experten f\u00fcr Messebau und Messelogistik\",\"isPartOf\":{\"@id\":\"https:\\\/\\\/kms-hannover.com\\\/#website\"},\"datePublished\":\"2015-09-03T07:19:09+00:00\",\"dateModified\":\"2024-06-06T13:28:27+00:00\",\"breadcrumb\":{\"@id\":\"https:\\\/\\\/kms-hannover.com\\\/impressum#breadcrumb\"},\"inLanguage\":\"fr-FR\",\"potentialAction\":[{\"@type\":\"ReadAction\",\"target\":[\"https:\\\/\\\/kms-hannover.com\\\/impressum\"]}]},{\"@type\":\"BreadcrumbList\",\"@id\":\"https:\\\/\\\/kms-hannover.com\\\/impressum#breadcrumb\",\"itemListElement\":[{\"@type\":\"ListItem\",\"position\":1,\"name\":\"Startseite\",\"item\":\"https:\\\/\\\/kms-hannover.com\\\/\"},{\"@type\":\"ListItem\",\"position\":2,\"name\":\"Impressum\"}]},{\"@type\":\"WebSite\",\"@id\":\"https:\\\/\\\/kms-hannover.com\\\/#website\",\"url\":\"https:\\\/\\\/kms-hannover.com\\\/\",\"name\":\"Kr\u00fcger Montage Service GmbH\",\"description\":\"Messelogistik und Messeaufbau in Deutschland und Europa\",\"publisher\":{\"@id\":\"https:\\\/\\\/kms-hannover.com\\\/#organization\"},\"potentialAction\":[{\"@type\":\"SearchAction\",\"target\":{\"@type\":\"EntryPoint\",\"urlTemplate\":\"https:\\\/\\\/kms-hannover.com\\\/?s={search_term_string}\"},\"query-input\":{\"@type\":\"PropertyValueSpecification\",\"valueRequired\":true,\"valueName\":\"search_term_string\"}}],\"inLanguage\":\"fr-FR\"},{\"@type\":\"Organization\",\"@id\":\"https:\\\/\\\/kms-hannover.com\\\/#organization\",\"name\":\"Kr\u00fcger Montage Service GmbH\",\"url\":\"https:\\\/\\\/kms-hannover.com\\\/\",\"logo\":{\"@type\":\"ImageObject\",\"inLanguage\":\"fr-FR\",\"@id\":\"https:\\\/\\\/kms-hannover.com\\\/#\\\/schema\\\/logo\\\/image\\\/\",\"url\":\"https:\\\/\\\/kms-hannover.com\\\/wp-content\\\/uploads\\\/2016\\\/02\\\/logo.jpg\",\"contentUrl\":\"https:\\\/\\\/kms-hannover.com\\\/wp-content\\\/uploads\\\/2016\\\/02\\\/logo.jpg\",\"width\":205,\"height\":50,\"caption\":\"Kr\u00fcger Montage Service GmbH\"},\"image\":{\"@id\":\"https:\\\/\\\/kms-hannover.com\\\/#\\\/schema\\\/logo\\\/image\\\/\"},\"sameAs\":[\"https:\\\/\\\/www.facebook.com\\\/kmshannover\\\/\",\"https:\\\/\\\/www.instagram.com\\\/kms_hannover\\\/\"]}]}<\/script>\n<!-- \/ Yoast SEO plugin. -->","yoast_head_json":{"title":"KMS Hannover \u2013 Ihre Experten f\u00fcr Messebau und Messelogistik","robots":{"index":"index","follow":"follow","max-snippet":"max-snippet:-1","max-image-preview":"max-image-preview:large","max-video-preview":"max-video-preview:-1"},"canonical":"https:\/\/kms-hannover.com\/impressum","og_locale":"fr_FR","og_type":"article","og_title":"KMS Hannover \u2013 Ihre Experten f\u00fcr Messebau und Messelogistik","og_description":"Information selon \u00a7 5 TMG: Kr\u00fcger Montage Service GmbH. Br\u00fcsselerstr. 10 30539 Hannover Repr\u00e9sent\u00e9 par:&hellip;","og_url":"https:\/\/kms-hannover.com\/impressum","og_site_name":"KMS Hannover \u2013 Ihre Experten f\u00fcr Messebau und Messelogistik","article_publisher":"https:\/\/www.facebook.com\/kmshannover\/","article_modified_time":"2024-06-06T13:28:27+00:00","twitter_card":"summary_large_image","twitter_misc":{"Dur\u00e9e de lecture estim\u00e9e":"13 minutes"},"schema":{"@context":"https:\/\/schema.org","@graph":[{"@type":"WebPage","@id":"https:\/\/kms-hannover.com\/impressum","url":"https:\/\/kms-hannover.com\/impressum","name":"KMS Hannover \u2013 Ihre Experten f\u00fcr Messebau und Messelogistik","isPartOf":{"@id":"https:\/\/kms-hannover.com\/#website"},"datePublished":"2015-09-03T07:19:09+00:00","dateModified":"2024-06-06T13:28:27+00:00","breadcrumb":{"@id":"https:\/\/kms-hannover.com\/impressum#breadcrumb"},"inLanguage":"fr-FR","potentialAction":[{"@type":"ReadAction","target":["https:\/\/kms-hannover.com\/impressum"]}]},{"@type":"BreadcrumbList","@id":"https:\/\/kms-hannover.com\/impressum#breadcrumb","itemListElement":[{"@type":"ListItem","position":1,"name":"Startseite","item":"https:\/\/kms-hannover.com\/"},{"@type":"ListItem","position":2,"name":"Impressum"}]},{"@type":"WebSite","@id":"https:\/\/kms-hannover.com\/#website","url":"https:\/\/kms-hannover.com\/","name":"Kr\u00fcger Montage Service GmbH","description":"Messelogistik und Messeaufbau in Deutschland und Europa","publisher":{"@id":"https:\/\/kms-hannover.com\/#organization"},"potentialAction":[{"@type":"SearchAction","target":{"@type":"EntryPoint","urlTemplate":"https:\/\/kms-hannover.com\/?s={search_term_string}"},"query-input":{"@type":"PropertyValueSpecification","valueRequired":true,"valueName":"search_term_string"}}],"inLanguage":"fr-FR"},{"@type":"Organization","@id":"https:\/\/kms-hannover.com\/#organization","name":"Kr\u00fcger Montage Service GmbH","url":"https:\/\/kms-hannover.com\/","logo":{"@type":"ImageObject","inLanguage":"fr-FR","@id":"https:\/\/kms-hannover.com\/#\/schema\/logo\/image\/","url":"https:\/\/kms-hannover.com\/wp-content\/uploads\/2016\/02\/logo.jpg","contentUrl":"https:\/\/kms-hannover.com\/wp-content\/uploads\/2016\/02\/logo.jpg","width":205,"height":50,"caption":"Kr\u00fcger Montage Service GmbH"},"image":{"@id":"https:\/\/kms-hannover.com\/#\/schema\/logo\/image\/"},"sameAs":["https:\/\/www.facebook.com\/kmshannover\/","https:\/\/www.instagram.com\/kms_hannover\/"]}]}},"_links":{"self":[{"href":"https:\/\/kms-hannover.com\/fr\/wp-json\/wp\/v2\/pages\/75","targetHints":{"allow":["GET"]}}],"collection":[{"href":"https:\/\/kms-hannover.com\/fr\/wp-json\/wp\/v2\/pages"}],"about":[{"href":"https:\/\/kms-hannover.com\/fr\/wp-json\/wp\/v2\/types\/page"}],"author":[{"embeddable":true,"href":"https:\/\/kms-hannover.com\/fr\/wp-json\/wp\/v2\/users\/1"}],"replies":[{"embeddable":true,"href":"https:\/\/kms-hannover.com\/fr\/wp-json\/wp\/v2\/comments?post=75"}],"version-history":[{"count":36,"href":"https:\/\/kms-hannover.com\/fr\/wp-json\/wp\/v2\/pages\/75\/revisions"}],"predecessor-version":[{"id":3778,"href":"https:\/\/kms-hannover.com\/fr\/wp-json\/wp\/v2\/pages\/75\/revisions\/3778"}],"wp:attachment":[{"href":"https:\/\/kms-hannover.com\/fr\/wp-json\/wp\/v2\/media?parent=75"}],"curies":[{"name":"wp","href":"https:\/\/api.w.org\/{rel}","templated":true}]}}