{"id":369,"date":"2015-09-11T18:00:29","date_gmt":"2015-09-11T18:00:29","guid":{"rendered":"http:\/\/kmshannover.apps-1and1.net\/?page_id=369"},"modified":"2021-10-12T13:32:09","modified_gmt":"2021-10-12T13:32:09","slug":"datenschutzerklaerung","status":"publish","type":"page","link":"https:\/\/kms-hannover.com\/fr\/datenschutzerklaerung","title":{"rendered":"Politique de confidentialit\u00e9"},"content":{"rendered":"<p>Les op\u00e9rateurs de ces sites prennent tr\u00e8s au s\u00e9rieux la protection de vos donn\u00e9es personnelles. Nous traitons vos donn\u00e9es personnelles de mani\u00e8re confidentielle et conform\u00e9ment aux r\u00e9glementations l\u00e9gales en mati\u00e8re de protection des donn\u00e9es ainsi qu&rsquo;\u00e0 cette d\u00e9claration de protection des donn\u00e9es.<\/p>\n<p>L&rsquo;utilisation de notre site Web est normalement possible sans donn\u00e9es personnelles. Si les donn\u00e9es personnelles (p. Ex. Nom, adresse ou adresse \u00e9lectronique) sont collect\u00e9es sur nos pages, cela se fait toujours sur une base volontaire autant que possible. Ces donn\u00e9es ne seront transmises \u00e0 des tiers sans votre consentement expr\u00e8s.<\/p>\n<p>Nous souhaitons souligner que la transmission de donn\u00e9es sur Internet (par exemple, lors de la communication par courrier \u00e9lectronique) peut pr\u00e9senter des lacunes de s\u00e9curit\u00e9. Une protection compl\u00e8te des donn\u00e9es avant acc\u00e8s par des tiers n&rsquo;est pas possible.<\/p>\n<h2>Cookies<\/h2>\n<p>Les pages Internet utilisent en partie les soi-disant cookies. Les cookies n&rsquo;endommagent pas votre ordinateur et ne contiennent aucun virus. Les cookies permettent de rendre notre offre plus conviviale, plus efficace et plus s\u00fbre. Les cookies sont de petits fichiers texte stock\u00e9s sur votre ordinateur et que votre navigateur enregistre.<\/p>\n<p>La plupart des cookies que nous utilisons sont appel\u00e9s \u00abcookies de session\u00bb. Vous serez automatiquement \u00e0 la fin de votre visite<br \/>\nsupprim\u00e9. D&rsquo;autres cookies restent sur votre appareil jusqu&rsquo;\u00e0 ce que vous les supprimez. Ces cookies nous permettent de reconna\u00eetre votre navigateur lors de la prochaine visite.<\/p>\n<p>Vous pouvez configurer votre navigateur pour vous informer sur la configuration des cookies et pour autoriser les cookies uniquement dans des cas individuels, pour exclure l&rsquo;acceptation des cookies pour des cas sp\u00e9cifiques ou en g\u00e9n\u00e9ral et pour activer la suppression automatique des cookies lorsque le navigateur est ferm\u00e9. La fonctionnalit\u00e9 de ce site Web peut \u00eatre restreinte lorsque les cookies sont d\u00e9sactiv\u00e9s.<\/p>\n<h2>Fichiers de journal du serveur<\/h2>\n<p>Le fournisseur des pages recueille automatiquement et enregistre des informations dans les fichiers de journal dits de serveur, que votre navigateur nous transmet automatiquement. Ce sont:<\/p>\n<ul>\n<li>Type de navigateur et version du navigateur<\/li>\n<li>Syst\u00e8me d&rsquo;exploitation<\/li>\n<li>URL de r\u00e9f\u00e9rence<\/li>\n<li>Nom d&rsquo;h\u00f4te de l&rsquo;ordinateur d&rsquo;acc\u00e8s<\/li>\n<li>Heure de la demande du serveur<\/li>\n<\/ul>\n<p>Ces donn\u00e9es ne peuvent \u00eatre attribu\u00e9es \u00e0 des personnes sp\u00e9cifiques. Ces donn\u00e9es ne sont pas fusionn\u00e9es avec d&rsquo;autres sources de donn\u00e9es. Nous nous r\u00e9servons le droit d&rsquo;examiner ces donn\u00e9es \u00e0 une date ult\u00e9rieure, si des indications concr\u00e8tes d&rsquo;usage ill\u00e9gal nous sont connues.<\/p>\n<h2>Contact<\/h2>\n<p>Si vous nous envoyez des demandes de renseignements au moyen d&rsquo;un formulaire de contact, vos informations du formulaire de demande, y compris les donn\u00e9es de contact que vous nous fournissez, seront enregistr\u00e9es par nous pour traiter l&rsquo;enqu\u00eate et pour le cas des questions de connexion. Nous ne transmettons pas ces donn\u00e9es sans votre consentement.<\/p>\n<h2>Newsletter<\/h2>\n<p>Si vous souhaitez recevoir la newsletter propos\u00e9e sur le site, nous vous demandons une adresse e-mail et des informations qui nous permettront de v\u00e9rifier que vous \u00eates le propri\u00e9taire de l&rsquo;adresse e-mail et que vous acceptez de recevoir la newsletter , D&rsquo;autres donn\u00e9es ne sont pas collect\u00e9es. Nous utilisons ces donn\u00e9es exclusivement pour envoyer les informations demand\u00e9es et ne pas les transmettre \u00e0 des tiers.<\/p>\n<p>Vous pouvez r\u00e9voquer votre consentement au stockage des donn\u00e9es, \u00e0 l&rsquo;adresse e-mail et \u00e0 leur utilisation pour l&rsquo;envoi de la newsletter \u00e0 tout moment, par exemple, via le lien \u00abD\u00e9sinscription\u00bb dans la newsletter.<\/p>\n<h2>SSL<\/h2>\n<p>Ce site utilise le cryptage SSL pour des raisons de s\u00e9curit\u00e9 et pour la protection de la transmission de contenu confidentiel, comme les requ\u00eates que vous nous envoyez en tant qu&rsquo;op\u00e9rateur du site. Une connexion crypt\u00e9e indique que la ligne d&rsquo;adresse du navigateur passe de \u00ab\u00a0http: \/\/\u00a0\u00bb \u00e0 \u00ab\u00a0https: \/\/\u00a0\u00bb et l&rsquo;ic\u00f4ne de verrouillage dans votre ligne de navigateur.<\/p>\n<p>Si le cryptage SSL est activ\u00e9, les donn\u00e9es que vous nous transf\u00e9rez ne peuvent \u00eatre lues par des tiers.<\/p>\n<p>Information, suppression, blocage<br \/>\nVous avez toujours droit \u00e0 des informations gratuites sur vos donn\u00e9es personnelles stock\u00e9es, leur origine et leur destinataire, le traitement des donn\u00e9es et le droit de corriger, de bloquer ou de supprimer ces donn\u00e9es. \u00c0 cette fin, ainsi que pour d&rsquo;autres questions concernant le sujet des donn\u00e9es personnelles, vous pouvez nous contacter \u00e0 tout moment \u00e0 l&rsquo;adresse indiqu\u00e9e dans l&#8217;empreinte.<\/p>\n<h2>Courrier publicitaire de contradiction<\/h2>\n<p>Nous nous engageons \u00e0 utiliser les donn\u00e9es de contact publi\u00e9es dans le cadre de l&rsquo;obligation d&rsquo;impression pour la transmission de mat\u00e9riel publicitaire et information non express\u00e9ment demand\u00e9e. Les op\u00e9rateurs des pages se r\u00e9servent express\u00e9ment le droit de prendre des mesures l\u00e9gales en cas d&rsquo;envoi non sollicit\u00e9 d&rsquo;informations publicitaires, par exemple par courrier ind\u00e9sirable.<\/p>\n<h2>Politique de confidentialit\u00e9 pour l&rsquo;utilisation des polices Web Google<\/h2>\n<p>Ce site Web utilise les polices Web Google utilis\u00e9es par Google Inc. pour am\u00e9liorer l&rsquo;apparence du contenu. Lorsque vous visitez des pages contenant du texte format\u00e9 avec Google Web Fonts, vous vous connectez aux bases de donn\u00e9es Google Inc. pour charger les polices Web. On s&rsquo;attend \u00e0 ce que votre num\u00e9ro IP et d&rsquo;autres informations sur l&rsquo;utilisation de ce site Web et d&rsquo;autres sites (r\u00e9f\u00e9rents) soient transf\u00e9r\u00e9s aux serveurs Google aux \u00c9tats-Unis et stock\u00e9s l\u00e0-bas.<\/p>\n<p>Aucune information sp\u00e9cifique n&rsquo;est fournie par Google Inc. concernant l&rsquo;utilisation de ces informations. Cependant, les termes et conditions g\u00e9n\u00e9rales de Google Inc., qui concernent, entre autres, des questions comparables. Par exemple, Google AdSense (un service utilis\u00e9 pour inclure les annonces Google Inc., qui n&rsquo;est pas utilis\u00e9 par ce site) utilise des cookies et des balises Web (graphiques invisibles). Gr\u00e2ce \u00e0 ces balises Web, des informations telles que le trafic des visiteurs sur ces pages peuvent \u00eatre \u00e9valu\u00e9es. Les informations fournies par Web Beacons concernant l&rsquo;utilisation de ce site (y compris votre adresse IP et le r\u00e9f\u00e9rent) et la livraison de formats publicitaires sont transmises \u00e0 un serveur Google aux \u00c9tats-Unis et stock\u00e9es l\u00e0-bas.<\/p>\n<p>Le r\u00e9f\u00e9rent est une fonctionnalit\u00e9 que chaque navigateur est capable de communiquer automatiquement avec le fournisseur d&rsquo;un site Web, sur lequel l&rsquo;autre page d&rsquo;accueil du lien l&rsquo;a men\u00e9. Avec certains navigateurs, vous pouvez d\u00e9sactiver le r\u00e9f\u00e9rent, mais certaines sous-pages peuvent ne pas fonctionner correctement. Dans des cas individuels, vous pouvez supprimer le r\u00e9f\u00e9rent en ne cliquant pas sur un lien, mais en le tapant dans la ligne d&rsquo;adresse.<\/p>\n<p>Ces informations peuvent \u00eatre agr\u00e9g\u00e9es par Google Inc. avec d&rsquo;autres donn\u00e9es, utilis\u00e9es pour am\u00e9liorer leurs propres offres et transmises aux partenaires contractuels de Google pour cr\u00e9er des offres sur mesure. En utilisant ce site Web, vous acceptez le traitement des donn\u00e9es recueillies \u00e0 votre sujet par Google Inc. de la mani\u00e8re et aux fins \u00e9nonc\u00e9es ci-dessus.<\/p>\n<p>Politique de confidentialit\u00e9 pour l&rsquo;utilisation de Google Maps<br \/>\nLe site kms-hannover.com utilise l&rsquo;API Google Maps pour visualiser les informations g\u00e9ographiques. Lorsque vous utilisez Google Maps, Google recueille, traite et utilise des donn\u00e9es sur l&rsquo;utilisation des fonctions Maps par les visiteurs sur les sites. Pour plus d&rsquo;informations sur le traitement des donn\u00e9es de Google, veuillez consulter la Politique de confidentialit\u00e9 de Google. Vous pouvez \u00e9galement modifier vos param\u00e8tres dans le Centre de confidentialit\u00e9 afin que vous puissiez g\u00e9rer et prot\u00e9ger vos donn\u00e9es.<\/p>","protected":false},"excerpt":{"rendered":"<p>Les op\u00e9rateurs de ces sites prennent tr\u00e8s au s\u00e9rieux la protection de vos donn\u00e9es personnelles.&hellip; <\/p>\n","protected":false},"author":1,"featured_media":0,"parent":0,"menu_order":0,"comment_status":"closed","ping_status":"closed","template":"","meta":{"footnotes":""},"class_list":["post-369","page","type-page","status-publish","hentry"],"yoast_head":"<!-- This site is optimized with the Yoast SEO plugin v27.3 - https:\/\/yoast.com\/product\/yoast-seo-wordpress\/ -->\n<title>KMS Hannover \u2013 Ihre Experten f\u00fcr Messebau und Messelogistik<\/title>\n<meta name=\"robots\" content=\"index, follow, max-snippet:-1, max-image-preview:large, max-video-preview:-1\" \/>\n<link rel=\"canonical\" href=\"https:\/\/kms-hannover.com\/datenschutzerklaerung\" \/>\n<meta property=\"og:locale\" content=\"fr_FR\" \/>\n<meta property=\"og:type\" content=\"article\" \/>\n<meta property=\"og:title\" content=\"KMS Hannover \u2013 Ihre Experten f\u00fcr Messebau und Messelogistik\" \/>\n<meta property=\"og:description\" content=\"Les op\u00e9rateurs de ces sites prennent tr\u00e8s au s\u00e9rieux la protection de vos donn\u00e9es personnelles.&hellip;\" \/>\n<meta property=\"og:url\" content=\"https:\/\/kms-hannover.com\/datenschutzerklaerung\" \/>\n<meta property=\"og:site_name\" content=\"KMS Hannover \u2013 Ihre Experten f\u00fcr Messebau und Messelogistik\" \/>\n<meta property=\"article:publisher\" content=\"https:\/\/www.facebook.com\/kmshannover\/\" \/>\n<meta property=\"article:modified_time\" content=\"2021-10-12T13:32:09+00:00\" \/>\n<meta name=\"twitter:card\" content=\"summary_large_image\" \/>\n<meta name=\"twitter:label1\" content=\"Dur\u00e9e de lecture estim\u00e9e\" \/>\n\t<meta name=\"twitter:data1\" content=\"51 minutes\" \/>\n<script type=\"application\/ld+json\" class=\"yoast-schema-graph\">{\"@context\":\"https:\\\/\\\/schema.org\",\"@graph\":[{\"@type\":\"WebPage\",\"@id\":\"https:\\\/\\\/kms-hannover.com\\\/datenschutzerklaerung\",\"url\":\"https:\\\/\\\/kms-hannover.com\\\/datenschutzerklaerung\",\"name\":\"KMS Hannover \u2013 Ihre Experten f\u00fcr Messebau und Messelogistik\",\"isPartOf\":{\"@id\":\"https:\\\/\\\/kms-hannover.com\\\/#website\"},\"datePublished\":\"2015-09-11T18:00:29+00:00\",\"dateModified\":\"2021-10-12T13:32:09+00:00\",\"breadcrumb\":{\"@id\":\"https:\\\/\\\/kms-hannover.com\\\/datenschutzerklaerung#breadcrumb\"},\"inLanguage\":\"fr-FR\",\"potentialAction\":[{\"@type\":\"ReadAction\",\"target\":[\"https:\\\/\\\/kms-hannover.com\\\/datenschutzerklaerung\"]}]},{\"@type\":\"BreadcrumbList\",\"@id\":\"https:\\\/\\\/kms-hannover.com\\\/datenschutzerklaerung#breadcrumb\",\"itemListElement\":[{\"@type\":\"ListItem\",\"position\":1,\"name\":\"Startseite\",\"item\":\"https:\\\/\\\/kms-hannover.com\\\/\"},{\"@type\":\"ListItem\",\"position\":2,\"name\":\"Datenschutzerkl\u00e4rung\"}]},{\"@type\":\"WebSite\",\"@id\":\"https:\\\/\\\/kms-hannover.com\\\/#website\",\"url\":\"https:\\\/\\\/kms-hannover.com\\\/\",\"name\":\"Kr\u00fcger Montage Service GmbH\",\"description\":\"Messelogistik und Messeaufbau in Deutschland und Europa\",\"publisher\":{\"@id\":\"https:\\\/\\\/kms-hannover.com\\\/#organization\"},\"potentialAction\":[{\"@type\":\"SearchAction\",\"target\":{\"@type\":\"EntryPoint\",\"urlTemplate\":\"https:\\\/\\\/kms-hannover.com\\\/?s={search_term_string}\"},\"query-input\":{\"@type\":\"PropertyValueSpecification\",\"valueRequired\":true,\"valueName\":\"search_term_string\"}}],\"inLanguage\":\"fr-FR\"},{\"@type\":\"Organization\",\"@id\":\"https:\\\/\\\/kms-hannover.com\\\/#organization\",\"name\":\"Kr\u00fcger Montage Service GmbH\",\"url\":\"https:\\\/\\\/kms-hannover.com\\\/\",\"logo\":{\"@type\":\"ImageObject\",\"inLanguage\":\"fr-FR\",\"@id\":\"https:\\\/\\\/kms-hannover.com\\\/#\\\/schema\\\/logo\\\/image\\\/\",\"url\":\"https:\\\/\\\/kms-hannover.com\\\/wp-content\\\/uploads\\\/2016\\\/02\\\/logo.jpg\",\"contentUrl\":\"https:\\\/\\\/kms-hannover.com\\\/wp-content\\\/uploads\\\/2016\\\/02\\\/logo.jpg\",\"width\":205,\"height\":50,\"caption\":\"Kr\u00fcger Montage Service GmbH\"},\"image\":{\"@id\":\"https:\\\/\\\/kms-hannover.com\\\/#\\\/schema\\\/logo\\\/image\\\/\"},\"sameAs\":[\"https:\\\/\\\/www.facebook.com\\\/kmshannover\\\/\",\"https:\\\/\\\/www.instagram.com\\\/kms_hannover\\\/\"]}]}<\/script>\n<!-- \/ Yoast SEO plugin. -->","yoast_head_json":{"title":"KMS Hannover \u2013 Ihre Experten f\u00fcr Messebau und Messelogistik","robots":{"index":"index","follow":"follow","max-snippet":"max-snippet:-1","max-image-preview":"max-image-preview:large","max-video-preview":"max-video-preview:-1"},"canonical":"https:\/\/kms-hannover.com\/datenschutzerklaerung","og_locale":"fr_FR","og_type":"article","og_title":"KMS Hannover \u2013 Ihre Experten f\u00fcr Messebau und Messelogistik","og_description":"Les op\u00e9rateurs de ces sites prennent tr\u00e8s au s\u00e9rieux la protection de vos donn\u00e9es personnelles.&hellip;","og_url":"https:\/\/kms-hannover.com\/datenschutzerklaerung","og_site_name":"KMS Hannover \u2013 Ihre Experten f\u00fcr Messebau und Messelogistik","article_publisher":"https:\/\/www.facebook.com\/kmshannover\/","article_modified_time":"2021-10-12T13:32:09+00:00","twitter_card":"summary_large_image","twitter_misc":{"Dur\u00e9e de lecture estim\u00e9e":"51 minutes"},"schema":{"@context":"https:\/\/schema.org","@graph":[{"@type":"WebPage","@id":"https:\/\/kms-hannover.com\/datenschutzerklaerung","url":"https:\/\/kms-hannover.com\/datenschutzerklaerung","name":"KMS Hannover \u2013 Ihre Experten f\u00fcr Messebau und Messelogistik","isPartOf":{"@id":"https:\/\/kms-hannover.com\/#website"},"datePublished":"2015-09-11T18:00:29+00:00","dateModified":"2021-10-12T13:32:09+00:00","breadcrumb":{"@id":"https:\/\/kms-hannover.com\/datenschutzerklaerung#breadcrumb"},"inLanguage":"fr-FR","potentialAction":[{"@type":"ReadAction","target":["https:\/\/kms-hannover.com\/datenschutzerklaerung"]}]},{"@type":"BreadcrumbList","@id":"https:\/\/kms-hannover.com\/datenschutzerklaerung#breadcrumb","itemListElement":[{"@type":"ListItem","position":1,"name":"Startseite","item":"https:\/\/kms-hannover.com\/"},{"@type":"ListItem","position":2,"name":"Datenschutzerkl\u00e4rung"}]},{"@type":"WebSite","@id":"https:\/\/kms-hannover.com\/#website","url":"https:\/\/kms-hannover.com\/","name":"Kr\u00fcger Montage Service GmbH","description":"Messelogistik und Messeaufbau in Deutschland und Europa","publisher":{"@id":"https:\/\/kms-hannover.com\/#organization"},"potentialAction":[{"@type":"SearchAction","target":{"@type":"EntryPoint","urlTemplate":"https:\/\/kms-hannover.com\/?s={search_term_string}"},"query-input":{"@type":"PropertyValueSpecification","valueRequired":true,"valueName":"search_term_string"}}],"inLanguage":"fr-FR"},{"@type":"Organization","@id":"https:\/\/kms-hannover.com\/#organization","name":"Kr\u00fcger Montage Service GmbH","url":"https:\/\/kms-hannover.com\/","logo":{"@type":"ImageObject","inLanguage":"fr-FR","@id":"https:\/\/kms-hannover.com\/#\/schema\/logo\/image\/","url":"https:\/\/kms-hannover.com\/wp-content\/uploads\/2016\/02\/logo.jpg","contentUrl":"https:\/\/kms-hannover.com\/wp-content\/uploads\/2016\/02\/logo.jpg","width":205,"height":50,"caption":"Kr\u00fcger Montage Service GmbH"},"image":{"@id":"https:\/\/kms-hannover.com\/#\/schema\/logo\/image\/"},"sameAs":["https:\/\/www.facebook.com\/kmshannover\/","https:\/\/www.instagram.com\/kms_hannover\/"]}]}},"_links":{"self":[{"href":"https:\/\/kms-hannover.com\/fr\/wp-json\/wp\/v2\/pages\/369","targetHints":{"allow":["GET"]}}],"collection":[{"href":"https:\/\/kms-hannover.com\/fr\/wp-json\/wp\/v2\/pages"}],"about":[{"href":"https:\/\/kms-hannover.com\/fr\/wp-json\/wp\/v2\/types\/page"}],"author":[{"embeddable":true,"href":"https:\/\/kms-hannover.com\/fr\/wp-json\/wp\/v2\/users\/1"}],"replies":[{"embeddable":true,"href":"https:\/\/kms-hannover.com\/fr\/wp-json\/wp\/v2\/comments?post=369"}],"version-history":[{"count":14,"href":"https:\/\/kms-hannover.com\/fr\/wp-json\/wp\/v2\/pages\/369\/revisions"}],"predecessor-version":[{"id":3284,"href":"https:\/\/kms-hannover.com\/fr\/wp-json\/wp\/v2\/pages\/369\/revisions\/3284"}],"wp:attachment":[{"href":"https:\/\/kms-hannover.com\/fr\/wp-json\/wp\/v2\/media?parent=369"}],"curies":[{"name":"wp","href":"https:\/\/api.w.org\/{rel}","templated":true}]}}