{"id":19,"date":"2015-09-02T16:31:13","date_gmt":"2015-09-02T16:31:13","guid":{"rendered":"http:\/\/kmshannover.apps-1and1.net\/?page_id=19"},"modified":"2018-10-09T06:29:34","modified_gmt":"2018-10-09T06:29:34","slug":"warendistribution","status":"publish","type":"page","link":"https:\/\/kms-hannover.com\/fr\/warendistribution","title":{"rendered":"Distribution des marchandises"},"content":{"rendered":"<p><div id=\"attachment_343\" style=\"width: 460px\" class=\"wp-caption alignright\"><a href=\"https:\/\/kms-hannover.com\/wp-content\/uploads\/2015\/09\/warendistribution.jpg\"><img loading=\"lazy\" decoding=\"async\" aria-describedby=\"caption-attachment-343\" class=\"wp-image-343 size-full\" src=\"https:\/\/kms-hannover.com\/wp-content\/uploads\/2015\/09\/warendistribution.jpg\" alt=\"warendistribution\" width=\"450\" height=\"300\" srcset=\"https:\/\/kms-hannover.com\/wp-content\/uploads\/2015\/09\/warendistribution.jpg 450w, https:\/\/kms-hannover.com\/wp-content\/uploads\/2015\/09\/warendistribution-300x200.jpg 300w\" sizes=\"auto, (max-width: 450px) 100vw, 450px\" \/><\/a><p id=\"caption-attachment-343\" class=\"wp-caption-text\">Transport et stockage: Vos produits sont bien entre nous.<\/p><\/div><\/p>\n<p>Le KR\u00dcGER Montage Service GmbH propose des solutions compl\u00e8tes pour le transport de marchandises importantes, volumineuses et sensibles.<\/p>\n<ul>\n<li>\n<p class=\"p1\">Notre propre parc de v\u00e9hicules est \u00e9galement disponible avec des plates-formes \u00e9l\u00e9vatrices.<\/p>\n<\/li>\n<li>\n<p class=\"p1\">Stockage de vos pi\u00e8ces jusqu&rsquo;au poste de mesure complet.<\/p>\n<\/li>\n<li>\n<p class=\"p1\">Gestion de votre stock:<\/p>\n<p class=\"p1\">&#8211; V\u00e9rification de la r\u00e9ception \/ sortie des marchandises.<\/p>\n<p class=\"p1\">&#8211; Coordination la logistique n\u00e9cessaire &#8230;&#8230; &#8230; pour vous!<\/p>\n<\/li>\n<li>\n<p class=\"p1\">Vos pi\u00e8ces sont en main droite avec nous.<\/p>\n<\/li>\n<li>\n<p class=\"p1\">Pour leur livraison, nous avons les connaissances logistiques et les partenaires dans la coop\u00e9ration \u00e0 long terme et dans toute l&rsquo;Europe.<\/p>\n<\/li>\n<\/ul>\n<p><\/p>","protected":false},"excerpt":{"rendered":"<p>Le KR\u00dcGER Montage Service GmbH propose des solutions compl\u00e8tes pour le transport de marchandises importantes,&hellip; <\/p>\n","protected":false},"author":1,"featured_media":15,"parent":0,"menu_order":0,"comment_status":"closed","ping_status":"closed","template":"","meta":{"footnotes":""},"class_list":["post-19","page","type-page","status-publish","has-post-thumbnail","hentry"],"yoast_head":"<!-- This site is optimized with the Yoast SEO plugin v27.3 - https:\/\/yoast.com\/product\/yoast-seo-wordpress\/ -->\n<title>Warendistribution: Die KMS-Hannover transportiert Ihren Messestand<\/title>\n<meta name=\"description\" content=\"Von der Lagerung bis zum Transport Ihres Messestandes innerhalb Deutschlands oder Europas: Wir bieten alles rund um die Warendistribution.\" \/>\n<meta name=\"robots\" content=\"index, follow, max-snippet:-1, max-image-preview:large, max-video-preview:-1\" \/>\n<link rel=\"canonical\" href=\"https:\/\/kms-hannover.com\/warendistribution\" \/>\n<meta property=\"og:locale\" content=\"fr_FR\" \/>\n<meta property=\"og:type\" content=\"article\" \/>\n<meta property=\"og:title\" content=\"Warendistribution: Die KMS-Hannover transportiert Ihren Messestand\" \/>\n<meta property=\"og:description\" content=\"Von der Lagerung bis zum Transport Ihres Messestandes innerhalb Deutschlands oder Europas: Wir bieten alles rund um die Warendistribution.\" \/>\n<meta property=\"og:url\" content=\"https:\/\/kms-hannover.com\/warendistribution\" \/>\n<meta property=\"og:site_name\" content=\"KMS Hannover \u2013 Ihre Experten f\u00fcr Messebau und Messelogistik\" \/>\n<meta property=\"article:publisher\" content=\"https:\/\/www.facebook.com\/kmshannover\/\" \/>\n<meta property=\"article:modified_time\" content=\"2018-10-09T06:29:34+00:00\" \/>\n<meta property=\"og:image\" content=\"https:\/\/kms-hannover.com\/wp-content\/uploads\/2015\/09\/distribution.png\" \/>\n\t<meta property=\"og:image:width\" content=\"100\" \/>\n\t<meta property=\"og:image:height\" content=\"100\" \/>\n\t<meta property=\"og:image:type\" content=\"image\/png\" \/>\n<meta name=\"twitter:card\" content=\"summary_large_image\" \/>\n<meta name=\"twitter:label1\" content=\"Dur\u00e9e de lecture estim\u00e9e\" \/>\n\t<meta name=\"twitter:data1\" content=\"3 minutes\" \/>\n<script type=\"application\/ld+json\" class=\"yoast-schema-graph\">{\"@context\":\"https:\\\/\\\/schema.org\",\"@graph\":[{\"@type\":\"WebPage\",\"@id\":\"https:\\\/\\\/kms-hannover.com\\\/warendistribution\",\"url\":\"https:\\\/\\\/kms-hannover.com\\\/warendistribution\",\"name\":\"Warendistribution: Die KMS-Hannover transportiert Ihren Messestand\",\"isPartOf\":{\"@id\":\"https:\\\/\\\/kms-hannover.com\\\/#website\"},\"primaryImageOfPage\":{\"@id\":\"https:\\\/\\\/kms-hannover.com\\\/warendistribution#primaryimage\"},\"image\":{\"@id\":\"https:\\\/\\\/kms-hannover.com\\\/warendistribution#primaryimage\"},\"thumbnailUrl\":\"https:\\\/\\\/kms-hannover.com\\\/wp-content\\\/uploads\\\/2015\\\/09\\\/distribution.png\",\"datePublished\":\"2015-09-02T16:31:13+00:00\",\"dateModified\":\"2018-10-09T06:29:34+00:00\",\"description\":\"Von der Lagerung bis zum Transport Ihres Messestandes innerhalb Deutschlands oder Europas: Wir bieten alles rund um die Warendistribution.\",\"breadcrumb\":{\"@id\":\"https:\\\/\\\/kms-hannover.com\\\/warendistribution#breadcrumb\"},\"inLanguage\":\"fr-FR\",\"potentialAction\":[{\"@type\":\"ReadAction\",\"target\":[\"https:\\\/\\\/kms-hannover.com\\\/warendistribution\"]}]},{\"@type\":\"ImageObject\",\"inLanguage\":\"fr-FR\",\"@id\":\"https:\\\/\\\/kms-hannover.com\\\/warendistribution#primaryimage\",\"url\":\"https:\\\/\\\/kms-hannover.com\\\/wp-content\\\/uploads\\\/2015\\\/09\\\/distribution.png\",\"contentUrl\":\"https:\\\/\\\/kms-hannover.com\\\/wp-content\\\/uploads\\\/2015\\\/09\\\/distribution.png\",\"width\":100,\"height\":100},{\"@type\":\"BreadcrumbList\",\"@id\":\"https:\\\/\\\/kms-hannover.com\\\/warendistribution#breadcrumb\",\"itemListElement\":[{\"@type\":\"ListItem\",\"position\":1,\"name\":\"Startseite\",\"item\":\"https:\\\/\\\/kms-hannover.com\\\/\"},{\"@type\":\"ListItem\",\"position\":2,\"name\":\"Warendistribution\"}]},{\"@type\":\"WebSite\",\"@id\":\"https:\\\/\\\/kms-hannover.com\\\/#website\",\"url\":\"https:\\\/\\\/kms-hannover.com\\\/\",\"name\":\"Kr\u00fcger Montage Service GmbH\",\"description\":\"Messelogistik und Messeaufbau in Deutschland und Europa\",\"publisher\":{\"@id\":\"https:\\\/\\\/kms-hannover.com\\\/#organization\"},\"potentialAction\":[{\"@type\":\"SearchAction\",\"target\":{\"@type\":\"EntryPoint\",\"urlTemplate\":\"https:\\\/\\\/kms-hannover.com\\\/?s={search_term_string}\"},\"query-input\":{\"@type\":\"PropertyValueSpecification\",\"valueRequired\":true,\"valueName\":\"search_term_string\"}}],\"inLanguage\":\"fr-FR\"},{\"@type\":\"Organization\",\"@id\":\"https:\\\/\\\/kms-hannover.com\\\/#organization\",\"name\":\"Kr\u00fcger Montage Service GmbH\",\"url\":\"https:\\\/\\\/kms-hannover.com\\\/\",\"logo\":{\"@type\":\"ImageObject\",\"inLanguage\":\"fr-FR\",\"@id\":\"https:\\\/\\\/kms-hannover.com\\\/#\\\/schema\\\/logo\\\/image\\\/\",\"url\":\"https:\\\/\\\/kms-hannover.com\\\/wp-content\\\/uploads\\\/2016\\\/02\\\/logo.jpg\",\"contentUrl\":\"https:\\\/\\\/kms-hannover.com\\\/wp-content\\\/uploads\\\/2016\\\/02\\\/logo.jpg\",\"width\":205,\"height\":50,\"caption\":\"Kr\u00fcger Montage Service GmbH\"},\"image\":{\"@id\":\"https:\\\/\\\/kms-hannover.com\\\/#\\\/schema\\\/logo\\\/image\\\/\"},\"sameAs\":[\"https:\\\/\\\/www.facebook.com\\\/kmshannover\\\/\",\"https:\\\/\\\/www.instagram.com\\\/kms_hannover\\\/\"]}]}<\/script>\n<!-- \/ Yoast SEO plugin. -->","yoast_head_json":{"title":"Warendistribution: Die KMS-Hannover transportiert Ihren Messestand","description":"Von der Lagerung bis zum Transport Ihres Messestandes innerhalb Deutschlands oder Europas: Wir bieten alles rund um die Warendistribution.","robots":{"index":"index","follow":"follow","max-snippet":"max-snippet:-1","max-image-preview":"max-image-preview:large","max-video-preview":"max-video-preview:-1"},"canonical":"https:\/\/kms-hannover.com\/warendistribution","og_locale":"fr_FR","og_type":"article","og_title":"Warendistribution: Die KMS-Hannover transportiert Ihren Messestand","og_description":"Von der Lagerung bis zum Transport Ihres Messestandes innerhalb Deutschlands oder Europas: Wir bieten alles rund um die Warendistribution.","og_url":"https:\/\/kms-hannover.com\/warendistribution","og_site_name":"KMS Hannover \u2013 Ihre Experten f\u00fcr Messebau und Messelogistik","article_publisher":"https:\/\/www.facebook.com\/kmshannover\/","article_modified_time":"2018-10-09T06:29:34+00:00","og_image":[{"width":100,"height":100,"url":"https:\/\/kms-hannover.com\/wp-content\/uploads\/2015\/09\/distribution.png","type":"image\/png"}],"twitter_card":"summary_large_image","twitter_misc":{"Dur\u00e9e de lecture estim\u00e9e":"3 minutes"},"schema":{"@context":"https:\/\/schema.org","@graph":[{"@type":"WebPage","@id":"https:\/\/kms-hannover.com\/warendistribution","url":"https:\/\/kms-hannover.com\/warendistribution","name":"Warendistribution: Die KMS-Hannover transportiert Ihren Messestand","isPartOf":{"@id":"https:\/\/kms-hannover.com\/#website"},"primaryImageOfPage":{"@id":"https:\/\/kms-hannover.com\/warendistribution#primaryimage"},"image":{"@id":"https:\/\/kms-hannover.com\/warendistribution#primaryimage"},"thumbnailUrl":"https:\/\/kms-hannover.com\/wp-content\/uploads\/2015\/09\/distribution.png","datePublished":"2015-09-02T16:31:13+00:00","dateModified":"2018-10-09T06:29:34+00:00","description":"Von der Lagerung bis zum Transport Ihres Messestandes innerhalb Deutschlands oder Europas: Wir bieten alles rund um die Warendistribution.","breadcrumb":{"@id":"https:\/\/kms-hannover.com\/warendistribution#breadcrumb"},"inLanguage":"fr-FR","potentialAction":[{"@type":"ReadAction","target":["https:\/\/kms-hannover.com\/warendistribution"]}]},{"@type":"ImageObject","inLanguage":"fr-FR","@id":"https:\/\/kms-hannover.com\/warendistribution#primaryimage","url":"https:\/\/kms-hannover.com\/wp-content\/uploads\/2015\/09\/distribution.png","contentUrl":"https:\/\/kms-hannover.com\/wp-content\/uploads\/2015\/09\/distribution.png","width":100,"height":100},{"@type":"BreadcrumbList","@id":"https:\/\/kms-hannover.com\/warendistribution#breadcrumb","itemListElement":[{"@type":"ListItem","position":1,"name":"Startseite","item":"https:\/\/kms-hannover.com\/"},{"@type":"ListItem","position":2,"name":"Warendistribution"}]},{"@type":"WebSite","@id":"https:\/\/kms-hannover.com\/#website","url":"https:\/\/kms-hannover.com\/","name":"Kr\u00fcger Montage Service GmbH","description":"Messelogistik und Messeaufbau in Deutschland und Europa","publisher":{"@id":"https:\/\/kms-hannover.com\/#organization"},"potentialAction":[{"@type":"SearchAction","target":{"@type":"EntryPoint","urlTemplate":"https:\/\/kms-hannover.com\/?s={search_term_string}"},"query-input":{"@type":"PropertyValueSpecification","valueRequired":true,"valueName":"search_term_string"}}],"inLanguage":"fr-FR"},{"@type":"Organization","@id":"https:\/\/kms-hannover.com\/#organization","name":"Kr\u00fcger Montage Service GmbH","url":"https:\/\/kms-hannover.com\/","logo":{"@type":"ImageObject","inLanguage":"fr-FR","@id":"https:\/\/kms-hannover.com\/#\/schema\/logo\/image\/","url":"https:\/\/kms-hannover.com\/wp-content\/uploads\/2016\/02\/logo.jpg","contentUrl":"https:\/\/kms-hannover.com\/wp-content\/uploads\/2016\/02\/logo.jpg","width":205,"height":50,"caption":"Kr\u00fcger Montage Service GmbH"},"image":{"@id":"https:\/\/kms-hannover.com\/#\/schema\/logo\/image\/"},"sameAs":["https:\/\/www.facebook.com\/kmshannover\/","https:\/\/www.instagram.com\/kms_hannover\/"]}]}},"_links":{"self":[{"href":"https:\/\/kms-hannover.com\/fr\/wp-json\/wp\/v2\/pages\/19","targetHints":{"allow":["GET"]}}],"collection":[{"href":"https:\/\/kms-hannover.com\/fr\/wp-json\/wp\/v2\/pages"}],"about":[{"href":"https:\/\/kms-hannover.com\/fr\/wp-json\/wp\/v2\/types\/page"}],"author":[{"embeddable":true,"href":"https:\/\/kms-hannover.com\/fr\/wp-json\/wp\/v2\/users\/1"}],"replies":[{"embeddable":true,"href":"https:\/\/kms-hannover.com\/fr\/wp-json\/wp\/v2\/comments?post=19"}],"version-history":[{"count":34,"href":"https:\/\/kms-hannover.com\/fr\/wp-json\/wp\/v2\/pages\/19\/revisions"}],"predecessor-version":[{"id":2458,"href":"https:\/\/kms-hannover.com\/fr\/wp-json\/wp\/v2\/pages\/19\/revisions\/2458"}],"wp:featuredmedia":[{"embeddable":true,"href":"https:\/\/kms-hannover.com\/fr\/wp-json\/wp\/v2\/media\/15"}],"wp:attachment":[{"href":"https:\/\/kms-hannover.com\/fr\/wp-json\/wp\/v2\/media?parent=19"}],"curies":[{"name":"wp","href":"https:\/\/api.w.org\/{rel}","templated":true}]}}