{"id":75,"date":"2015-09-03T07:19:09","date_gmt":"2015-09-03T07:19:09","guid":{"rendered":"http:\/\/kmshannover.apps-1and1.net\/?page_id=75"},"modified":"2024-06-06T13:28:27","modified_gmt":"2024-06-06T13:28:27","slug":"impressum","status":"publish","type":"page","link":"https:\/\/kms-hannover.com\/es\/impressum","title":{"rendered":"Aviso legal"},"content":{"rendered":"<p><\/p>\n<h2 class=\"p1\"><span class=\"s1\">De acuerdo al \u00a7 5 TMG: <\/span><\/h2>\n<p class=\"p1\"><span class=\"s1\">Kruger Montage Service GmbH<\/span><\/p>\n<p class=\"p1\"><span class=\"s1\">Br\u00fcsseler Str. 10 30539 Hannover <\/span><\/p>\n<p class=\"p1\"><span class=\"s1\">direcci\u00f3n de correo electr\u00f3nico: <a href=\"https:\/\/www.kms-hannover.com\/\"><span class=\"s2\">www.kms-hannover.com<\/span><\/a> <\/span><\/p>\n<p class=\"p1\"><span class=\"s1\">proveedor de servicios para el suministro de todas las p\u00e1ginas bajo <a href=\"http:\/\/www.kms-hannover.de\/\"><span class=\"s2\">www.kms-hannover.de<\/span><\/a> \/ .eu \/ .co \/ .net \/ .info<\/span><\/p>\n<h2 class=\"p1\"><span class=\"s1\">Representado por:<\/span><\/h2>\n<p class=\"p1\"><span class=\"s1\">Achim Kr\u00fcger <\/span><\/p>\n<h2 class=\"p1\"><span class=\"s1\">Contacto: <\/span><\/h2>\n<p class=\"p1\"><span class=\"s1\">Tel\u00e9fono: 05116479434 <\/span><\/p>\n<p class=\"p1\"><span class=\"s1\">Fax: 05116479433 <\/span><\/p>\n<p class=\"p3\"><span class=\"s3\">E-mail: <a href=\"mailto:info@kms-hannover.com\"><span class=\"s4\">info@kms-hannover.com<\/span><\/a> <\/span><\/p>\n<h2 class=\"p1\"><span class=\"s1\">Register:<\/span><\/h2>\n<p class=\"p1\"><span class=\"s1\">La inscripci\u00f3n en el registro mercantil. <\/span><\/p>\n<p class=\"p1\"><span class=\"s1\">Tribunal de registro: Amtsgericht Hannover<\/span><\/p>\n<p class=\"p1\"><span class=\"s1\">N\u00famero de registro: 203728 <\/span><\/p>\n<p class=\"p1\"><span class=\"s1\">N\u00famero de identificaci\u00f3n fiscal: n\u00famero de identificaci\u00f3n fiscal de acuerdo a una ley de impuesto sobre las ventas 27: DE 262650755<\/span><\/p>\n<h2 class=\"p1\"><span class=\"s1\">Responsable del contenido seg\u00fan \u00a7 55 Abs 2 RStV.:<\/span><\/h2>\n<p class=\"p1\"><strong><span class=\"s1\">Achim Kr\u00fcger <\/span><\/strong><\/p>\n<p class=\"p1\"><span class=\"s1\"><strong>Dise\u00f1o gr\u00e1fico<\/strong>:<strong>\u00a0<\/strong><a href=\"http:\/\/www.caixeta.de\">Caix\u00eata Design<\/a><\/span><\/p>\n<p class=\"p1\"><span class=\"s1\">Fuente de informaci\u00f3n para todas las im\u00e1genes y gr\u00e1ficos: Kruger Montage Service GmbH Fuente: <a href=\"http:\/\/www.e-recht24.de\/\"><span class=\"s2\">http:\/\/www.e-recht24.de<\/span><\/a><\/span><\/p>\n<p class=\"p1\"><span class=\"s1\">Empleo temporal: La KRUGER Montage Service GmbH se public\u00f3 el 29\/04\/2015 por el permiso de la Agencia Federal de Empleo de Kiel para los trabajadores temporales. Descargo de responsabilidad (disclaimer) <\/span><\/p>\n<h2 class=\"p1\"><span class=\"s1\">La responsabilidad por contenidos<\/span><\/h2>\n<p class=\"p1\"><span class=\"s1\">Como proveedor de servicios somos responsables seg\u00fan \u00a7 7 1 TMG para el propio contenido de estas p\u00e1ginas por la ley general. De acuerdo con \u00a7\u00a7 8 a 10 TMG no estamos obligados como proveedor de servicios para supervisar la informaci\u00f3n transmitida o almacenada, o para investigar las circunstancias que indiquen actividades il\u00edcitas. La obligaci\u00f3n de eliminar o bloquear el uso de informaci\u00f3n seg\u00fan las leyes generales no se ver\u00e1n afectados. Sin embargo, un pasivo correspondiente s\u00f3lo es posible a partir de la fecha de conocimiento de una infracci\u00f3n espec\u00edfica. Tras la notificaci\u00f3n de tales violaci\u00f3nes, eliminaremos el contenido de inmediato. <\/span><\/p>\n<h2 class=\"p1\"><span class=\"s1\">Responsabilidad de los enlaces<\/span><\/h2>\n<p class=\"p1\"><span class=\"s1\">Nuestro sitio contiene enlaces a p\u00e1ginas externas sobre las que no tenemos control. Por lo tanto, no podemos aceptar ninguna responsabilidad por su contenido. El proveedor u operador de los sitios siempre es responsable del contenido de las p\u00e1ginas enlazadas. Los sitios vinculados fueron controlados en el momento de la vinculaci\u00f3n de posibles violaci\u00f3nes jur\u00eddicas. contenidos ilegales no eran evidentes en el momento de la vinculaci\u00f3n. Un control permanente de las p\u00e1ginas enlazadas no es razonable sin pruebas concretas de una violaci\u00f3n. Tras la notificaci\u00f3n de violaci\u00f3nes, vamos a retirar inmediatamente estos enlaces.<\/span><\/p>\n<h2 class=\"p1\"><span class=\"s1\">Derechos de autor<\/span><\/h2>\n<p class=\"p1\"><span class=\"s1\">El contenido y las obras en estas p\u00e1ginas creadas por los operadores del sitio est\u00e1n sujetos a derecho de autor alem\u00e1n. La reproducci\u00f3n, modificaci\u00f3n, distribuci\u00f3n o cualquier tipo de explotaci\u00f3n fuera de los l\u00edmites del derecho de autor requieren el consentimiento por escrito del autor o creador. Se permiten las descargas y copias s\u00f3lo para uso privado, no comercial. Por lo que el contenido no se crea por el operador del sitio Web, los derechos de autor de terceros. En particular, los contenidos de terceros est\u00e1n marcados como tales. Todav\u00eda debe ser consciente de la infracci\u00f3n de copyright, pedimos una pista. Tras la notificaci\u00f3n de violaci\u00f3nes, eliminaremos el contenido de inmediato.<\/span><\/p>\n<p><\/p>","protected":false},"excerpt":{"rendered":"<p>De acuerdo al \u00a7 5 TMG: Kruger Montage Service GmbH Br\u00fcsseler Str. 10 30539 Hannover&hellip; <\/p>\n","protected":false},"author":1,"featured_media":0,"parent":0,"menu_order":0,"comment_status":"closed","ping_status":"closed","template":"","meta":{"footnotes":""},"class_list":["post-75","page","type-page","status-publish","hentry"],"yoast_head":"<!-- This site is optimized with the Yoast SEO plugin v27.4 - https:\/\/yoast.com\/product\/yoast-seo-wordpress\/ -->\n<title>KMS Hannover \u2013 Ihre Experten f\u00fcr Messebau und Messelogistik<\/title>\n<meta name=\"robots\" content=\"index, follow, max-snippet:-1, max-image-preview:large, max-video-preview:-1\" \/>\n<link rel=\"canonical\" href=\"https:\/\/kms-hannover.com\/impressum\" \/>\n<meta property=\"og:locale\" content=\"es_ES\" \/>\n<meta property=\"og:type\" content=\"article\" \/>\n<meta property=\"og:title\" content=\"KMS Hannover \u2013 Ihre Experten f\u00fcr Messebau und Messelogistik\" \/>\n<meta property=\"og:description\" content=\"De acuerdo al \u00a7 5 TMG: Kruger Montage Service GmbH Br\u00fcsseler Str. 10 30539 Hannover&hellip;\" \/>\n<meta property=\"og:url\" content=\"https:\/\/kms-hannover.com\/impressum\" \/>\n<meta property=\"og:site_name\" content=\"KMS Hannover \u2013 Ihre Experten f\u00fcr Messebau und Messelogistik\" \/>\n<meta property=\"article:publisher\" content=\"https:\/\/www.facebook.com\/kmshannover\/\" \/>\n<meta property=\"article:modified_time\" content=\"2024-06-06T13:28:27+00:00\" \/>\n<meta name=\"twitter:card\" content=\"summary_large_image\" \/>\n<meta name=\"twitter:label1\" content=\"Tiempo de lectura\" \/>\n\t<meta name=\"twitter:data1\" content=\"13 minutos\" \/>\n<script type=\"application\/ld+json\" class=\"yoast-schema-graph\">{\"@context\":\"https:\\\/\\\/schema.org\",\"@graph\":[{\"@type\":\"WebPage\",\"@id\":\"https:\\\/\\\/kms-hannover.com\\\/impressum\",\"url\":\"https:\\\/\\\/kms-hannover.com\\\/impressum\",\"name\":\"KMS Hannover \u2013 Ihre Experten f\u00fcr Messebau und Messelogistik\",\"isPartOf\":{\"@id\":\"https:\\\/\\\/kms-hannover.com\\\/#website\"},\"datePublished\":\"2015-09-03T07:19:09+00:00\",\"dateModified\":\"2024-06-06T13:28:27+00:00\",\"breadcrumb\":{\"@id\":\"https:\\\/\\\/kms-hannover.com\\\/impressum#breadcrumb\"},\"inLanguage\":\"es\",\"potentialAction\":[{\"@type\":\"ReadAction\",\"target\":[\"https:\\\/\\\/kms-hannover.com\\\/impressum\"]}]},{\"@type\":\"BreadcrumbList\",\"@id\":\"https:\\\/\\\/kms-hannover.com\\\/impressum#breadcrumb\",\"itemListElement\":[{\"@type\":\"ListItem\",\"position\":1,\"name\":\"Startseite\",\"item\":\"https:\\\/\\\/kms-hannover.com\\\/\"},{\"@type\":\"ListItem\",\"position\":2,\"name\":\"Impressum\"}]},{\"@type\":\"WebSite\",\"@id\":\"https:\\\/\\\/kms-hannover.com\\\/#website\",\"url\":\"https:\\\/\\\/kms-hannover.com\\\/\",\"name\":\"Kr\u00fcger Montage Service GmbH\",\"description\":\"Messelogistik und Messeaufbau in Deutschland und Europa\",\"publisher\":{\"@id\":\"https:\\\/\\\/kms-hannover.com\\\/#organization\"},\"potentialAction\":[{\"@type\":\"SearchAction\",\"target\":{\"@type\":\"EntryPoint\",\"urlTemplate\":\"https:\\\/\\\/kms-hannover.com\\\/?s={search_term_string}\"},\"query-input\":{\"@type\":\"PropertyValueSpecification\",\"valueRequired\":true,\"valueName\":\"search_term_string\"}}],\"inLanguage\":\"es\"},{\"@type\":\"Organization\",\"@id\":\"https:\\\/\\\/kms-hannover.com\\\/#organization\",\"name\":\"Kr\u00fcger Montage Service GmbH\",\"url\":\"https:\\\/\\\/kms-hannover.com\\\/\",\"logo\":{\"@type\":\"ImageObject\",\"inLanguage\":\"es\",\"@id\":\"https:\\\/\\\/kms-hannover.com\\\/#\\\/schema\\\/logo\\\/image\\\/\",\"url\":\"https:\\\/\\\/kms-hannover.com\\\/wp-content\\\/uploads\\\/2016\\\/02\\\/logo.jpg\",\"contentUrl\":\"https:\\\/\\\/kms-hannover.com\\\/wp-content\\\/uploads\\\/2016\\\/02\\\/logo.jpg\",\"width\":205,\"height\":50,\"caption\":\"Kr\u00fcger Montage Service GmbH\"},\"image\":{\"@id\":\"https:\\\/\\\/kms-hannover.com\\\/#\\\/schema\\\/logo\\\/image\\\/\"},\"sameAs\":[\"https:\\\/\\\/www.facebook.com\\\/kmshannover\\\/\",\"https:\\\/\\\/www.instagram.com\\\/kms_hannover\\\/\"]}]}<\/script>\n<!-- \/ Yoast SEO plugin. -->","yoast_head_json":{"title":"KMS Hannover \u2013 Ihre Experten f\u00fcr Messebau und Messelogistik","robots":{"index":"index","follow":"follow","max-snippet":"max-snippet:-1","max-image-preview":"max-image-preview:large","max-video-preview":"max-video-preview:-1"},"canonical":"https:\/\/kms-hannover.com\/impressum","og_locale":"es_ES","og_type":"article","og_title":"KMS Hannover \u2013 Ihre Experten f\u00fcr Messebau und Messelogistik","og_description":"De acuerdo al \u00a7 5 TMG: Kruger Montage Service GmbH Br\u00fcsseler Str. 10 30539 Hannover&hellip;","og_url":"https:\/\/kms-hannover.com\/impressum","og_site_name":"KMS Hannover \u2013 Ihre Experten f\u00fcr Messebau und Messelogistik","article_publisher":"https:\/\/www.facebook.com\/kmshannover\/","article_modified_time":"2024-06-06T13:28:27+00:00","twitter_card":"summary_large_image","twitter_misc":{"Tiempo de lectura":"13 minutos"},"schema":{"@context":"https:\/\/schema.org","@graph":[{"@type":"WebPage","@id":"https:\/\/kms-hannover.com\/impressum","url":"https:\/\/kms-hannover.com\/impressum","name":"KMS Hannover \u2013 Ihre Experten f\u00fcr Messebau und Messelogistik","isPartOf":{"@id":"https:\/\/kms-hannover.com\/#website"},"datePublished":"2015-09-03T07:19:09+00:00","dateModified":"2024-06-06T13:28:27+00:00","breadcrumb":{"@id":"https:\/\/kms-hannover.com\/impressum#breadcrumb"},"inLanguage":"es","potentialAction":[{"@type":"ReadAction","target":["https:\/\/kms-hannover.com\/impressum"]}]},{"@type":"BreadcrumbList","@id":"https:\/\/kms-hannover.com\/impressum#breadcrumb","itemListElement":[{"@type":"ListItem","position":1,"name":"Startseite","item":"https:\/\/kms-hannover.com\/"},{"@type":"ListItem","position":2,"name":"Impressum"}]},{"@type":"WebSite","@id":"https:\/\/kms-hannover.com\/#website","url":"https:\/\/kms-hannover.com\/","name":"Kr\u00fcger Montage Service GmbH","description":"Messelogistik und Messeaufbau in Deutschland und Europa","publisher":{"@id":"https:\/\/kms-hannover.com\/#organization"},"potentialAction":[{"@type":"SearchAction","target":{"@type":"EntryPoint","urlTemplate":"https:\/\/kms-hannover.com\/?s={search_term_string}"},"query-input":{"@type":"PropertyValueSpecification","valueRequired":true,"valueName":"search_term_string"}}],"inLanguage":"es"},{"@type":"Organization","@id":"https:\/\/kms-hannover.com\/#organization","name":"Kr\u00fcger Montage Service GmbH","url":"https:\/\/kms-hannover.com\/","logo":{"@type":"ImageObject","inLanguage":"es","@id":"https:\/\/kms-hannover.com\/#\/schema\/logo\/image\/","url":"https:\/\/kms-hannover.com\/wp-content\/uploads\/2016\/02\/logo.jpg","contentUrl":"https:\/\/kms-hannover.com\/wp-content\/uploads\/2016\/02\/logo.jpg","width":205,"height":50,"caption":"Kr\u00fcger Montage Service GmbH"},"image":{"@id":"https:\/\/kms-hannover.com\/#\/schema\/logo\/image\/"},"sameAs":["https:\/\/www.facebook.com\/kmshannover\/","https:\/\/www.instagram.com\/kms_hannover\/"]}]}},"_links":{"self":[{"href":"https:\/\/kms-hannover.com\/es\/wp-json\/wp\/v2\/pages\/75","targetHints":{"allow":["GET"]}}],"collection":[{"href":"https:\/\/kms-hannover.com\/es\/wp-json\/wp\/v2\/pages"}],"about":[{"href":"https:\/\/kms-hannover.com\/es\/wp-json\/wp\/v2\/types\/page"}],"author":[{"embeddable":true,"href":"https:\/\/kms-hannover.com\/es\/wp-json\/wp\/v2\/users\/1"}],"replies":[{"embeddable":true,"href":"https:\/\/kms-hannover.com\/es\/wp-json\/wp\/v2\/comments?post=75"}],"version-history":[{"count":36,"href":"https:\/\/kms-hannover.com\/es\/wp-json\/wp\/v2\/pages\/75\/revisions"}],"predecessor-version":[{"id":3778,"href":"https:\/\/kms-hannover.com\/es\/wp-json\/wp\/v2\/pages\/75\/revisions\/3778"}],"wp:attachment":[{"href":"https:\/\/kms-hannover.com\/es\/wp-json\/wp\/v2\/media?parent=75"}],"curies":[{"name":"wp","href":"https:\/\/api.w.org\/{rel}","templated":true}]}}