{"id":369,"date":"2015-09-11T18:00:29","date_gmt":"2015-09-11T18:00:29","guid":{"rendered":"http:\/\/kmshannover.apps-1and1.net\/?page_id=369"},"modified":"2021-10-12T13:32:09","modified_gmt":"2021-10-12T13:32:09","slug":"datenschutzerklaerung","status":"publish","type":"page","link":"https:\/\/kms-hannover.com\/es\/datenschutzerklaerung","title":{"rendered":"Pol\u00edtica de privacidad"},"content":{"rendered":"<p><\/p>\n<h2>Pol\u00edtica de privacidad<\/h2>\n<p>Los operadores de estos sitios toman muy en serio la protecci\u00f3n de sus datos personales. Tratamos sus datos personales de forma confidencial y de acuerdo con las regulaciones legales de protecci\u00f3n de datos, as\u00ed como con esta declaraci\u00f3n de protecci\u00f3n de datos.<\/p>\n<p>El uso de nuestro sitio web es normalmente posible sin dar datos personales. Si los datos personales (por ejemplo, nombre, direcci\u00f3n o direcci\u00f3n de correo electr\u00f3nico) se recogen en nuestras p\u00e1ginas, siempre se hace de forma voluntaria en la medida de lo posible. Estos datos no ser\u00e1n transmitidos a terceros sin su consentimiento expreso.<\/p>\n<p>Nos gustar\u00eda se\u00f1alar que la transmisi\u00f3n de datos en Internet (por ejemplo, al comunicarse por correo electr\u00f3nico) puede presentar brechas de seguridad. Una protecci\u00f3n completa de los datos antes del acceso por terceros no es posible.<\/p>\n<h2>Cookies<\/h2>\n<p>Las p\u00e1ginas de Internet utilizan parcialmente las denominadas cookies. Las cookies no da\u00f1an su computadora y no contienen virus. Las cookies sirven para que nuestra oferta sea m\u00e1s f\u00e1cil de usar, eficaz y segura. Las cookies son peque\u00f1os archivos de texto que se almacenan en su computadora y que su navegador guarda.<\/p>\n<p>La mayor\u00eda de las cookies que usamos son las llamadas \u00abcookies de sesi\u00f3n\u00bb. Estar\u00e1 autom\u00e1ticamente al final de su visita borrado. Otras cookies permanecen en su dispositivo hasta que las elimine. Estas cookies nos permiten reconocer su navegador en la pr\u00f3xima visita.<\/p>\n<p>Puede configurar su navegador para informarle sobre la configuraci\u00f3n de cookies y para permitir las cookies s\u00f3lo en casos individuales, para excluir la aceptaci\u00f3n de cookies para casos espec\u00edficos o en general y para activar la eliminaci\u00f3n autom\u00e1tica de cookies cuando el navegador est\u00e1 cerrado. La funcionalidad de este sitio web puede estar restringida cuando se desactivan las cookies.<\/p>\n<h2>Archivos de registro del servidor<\/h2>\n<p>El proveedor de las p\u00e1ginas recopila y guarda autom\u00e1ticamente informaci\u00f3n en los llamados archivos de registro del servidor, que su navegador nos transmite autom\u00e1ticamente. Estas son:<br \/>\n\u2022 Tipo de navegaci\u00f3n y versi\u00f3n de navegaci\u00f3n<br \/>\n\u2022 Sistema operativo utilizado<br \/>\n\u2022 URL de referencia<br \/>\n\u2022 Nombre de host del ordenador que accede<br \/>\n\u2022 Tiempo de la solicitud del servidor<\/p>\n<p>Estos datos no pueden atribuirse a personas espec\u00edficas. Estos datos no se combinan con otras fuentes de datos. Nos reservamos el derecho de revisar estos datos en una fecha posterior, si se conocen indicios concretos de uso il\u00edcito.<\/p>\n<h2>Contacto<\/h2>\n<p>Si nos env\u00eda consultas por medio de un formulario de contacto, su informaci\u00f3n del formulario de consulta, incluyendo los datos de contacto que usted proporciona all\u00ed, ser\u00e1 guardada por nosotros para procesar la consulta y para el caso de preguntas de conexi\u00f3n. No pasamos estos datos sin su consentimiento.<\/p>\n<p>bolet\u00edn de datos<\/p>\n<p>Si desea recibir el bolet\u00edn ofrecido en el sitio web, le pedimos una direcci\u00f3n de correo electr\u00f3nico y la informaci\u00f3n que nos permitir\u00e1 verificar que usted es el due\u00f1o de la direcci\u00f3n de correo electr\u00f3nico y aceptar recibir el bolet\u00edn , No se recolectan otros datos. Usamos estos datos exclusivamente para enviar la informaci\u00f3n solicitada y no la pasamos a terceros.<\/p>\n<p>Usted puede revocar su consentimiento para el almacenamiento de los datos, la direcci\u00f3n de correo electr\u00f3nico y su uso para el env\u00edo del bolet\u00edn en cualquier momento, por ejemplo, a trav\u00e9s del enlace \u00abimprimir\u00bb en el bolet\u00edn.<\/p>\n<h2>Cifrado SSL<\/h2>\n<p>Este sitio utiliza encriptaci\u00f3n SSL por razones de seguridad y para la protecci\u00f3n de la transmisi\u00f3n de contenido confidencial, como las consultas que nos env\u00eda como operador del sitio. Una conexi\u00f3n cifrada indica que la l\u00ednea de direcci\u00f3n del navegador cambia de \u00abhttp: \/\/\u00bb a \u00abhttps: \/\/\u00bb y en el icono de bloqueo en la l\u00ednea del navegador.<\/p>\n<p>Si el cifrado SSL est\u00e1 activado, los datos que nos transfiere no pueden ser le\u00eddos por terceros.<\/p>\n<p>Informaci\u00f3n, borrado, bloqueo<\/p>\n<p>Usted tiene derecho a la informaci\u00f3n gratuita sobre sus datos personales almacenados, su origen y destinatario, el prop\u00f3sito del procesamiento de datos y el derecho a corregir, bloquear o eliminar estos datos.<br \/>\nCon este fin, as\u00ed como otras preguntas sobre el tema de los datos personales, puede ponerse en contacto con nosotros en cualquier momento a la direcci\u00f3n indicada.<\/p>\n<h2>Correos publicitarios de contradicci\u00f3n<\/h2>\n<p>Nos oponemos al uso de los datos de contacto publicados en el \u00e1mbito de la obligaci\u00f3n de imprenta para la transmisi\u00f3n de material publicitario e informativo no expresamente solicitado. Los operadores de las p\u00e1ginas se reservan expresamente el derecho de tomar medidas legales en caso de env\u00edo no solicitado de informaci\u00f3n publicitaria, por ejemplo, mediante correo electr\u00f3nico no deseado.<\/p>\n<p>Fuente: eRecht24<\/p>\n<h2>Pol\u00edtica de privacidad para usar fuentes web de Google<\/h2>\n<p>Este sitio web utiliza las fuentes web de Google utilizadas por Google Inc. para mejorar la apariencia del contenido. Cuando visita p\u00e1ginas que contienen texto con formato de Google Web Fonts, se conectan a bases de datos de Google Inc. para cargar las fuentes Web. Es de esperar que su n\u00famero de IP y otra informaci\u00f3n sobre el uso de este y otros sitios web (referencias) se transferir\u00e1n a los servidores de Google en los Estados Unidos y se almacenar\u00e1n all\u00ed.<\/p>\n<p>Google Inc. no proporciona informaci\u00f3n espec\u00edfica sobre el uso de esta informaci\u00f3n. Sin embargo, las condiciones generales de Google Inc., que se refieren, entre otras cosas, a asuntos comparables. Por ejemplo, Google AdSense (un servicio utilizado para incluir anuncios de Google Inc., que no se utiliza en este sitio) utiliza cookies y los llamados web beacons\u00a0 (gr\u00e1ficos invisibles).<\/p>\n<p>A trav\u00e9s de estos web beacons, se puede evaluar informaci\u00f3n como el tr\u00e1fico de visitantes en estas p\u00e1ginas. La informaci\u00f3n generada por Web Beacons sobre el uso de este sitio web (incluyendo su direcci\u00f3n IP y el remitente) y la entrega de formatos publicitarios se transmiten a un servidor de Google en los Estados Unidos y se almacenan all\u00ed.<\/p>\n<p>El referente es una funci\u00f3n que cada navegador es capaz de comunicarse autom\u00e1ticamente con el proveedor de un sitio web, en el que otra p\u00e1gina de inicio del enlace que se llev\u00f3 a ella. Con algunos navegadores, puede desactivar el referer, pero algunas subp\u00e1ginas pueden no funcionar correctamente. En casos individuales, puede suprimir el referer por no hacer clic en un enlace, pero escribirlo en la l\u00ednea de direcci\u00f3n.<\/p>\n<p>Esta informaci\u00f3n puede ser agregada por Google Inc. con otros datos, utilizada para mejorar sus propias ofertas y transferida a los socios contractuales de Google para crear ofertas personalizadas. Al utilizar este sitio web, acepta el tratamiento de los datos recopilados sobre usted por Google Inc. de la manera y para los prop\u00f3sitos establecidos anteriormente.<\/p>\n<p>Pol\u00edtica de privacidad para usar Google Maps<\/p>\n<p>El sitio web <a href=\"https:\/\/kms-hannover.com\/\">kms-hannover.com<\/a> utiliza la API de Google Maps para visualizar la informaci\u00f3n geogr\u00e1fica. Al utilizar Google Maps, Google tambi\u00e9n recopila, procesa y utiliza datos sobre el uso de las funciones de Google Maps por los visitantes de los sitios web.<\/p>\n<p>Para obtener m\u00e1s informaci\u00f3n sobre el procesamiento de datos de Google, consulte la Pol\u00edtica de privacidad de Google. Tambi\u00e9n puede cambiar su configuraci\u00f3n en el Centro de privacidad para que pueda administrar y proteger sus datos.<\/p>","protected":false},"excerpt":{"rendered":"<p>Pol\u00edtica de privacidad Los operadores de estos sitios toman muy en serio la protecci\u00f3n de&hellip; <\/p>\n","protected":false},"author":1,"featured_media":0,"parent":0,"menu_order":0,"comment_status":"closed","ping_status":"closed","template":"","meta":{"footnotes":""},"class_list":["post-369","page","type-page","status-publish","hentry"],"yoast_head":"<!-- This site is optimized with the Yoast SEO plugin v27.4 - https:\/\/yoast.com\/product\/yoast-seo-wordpress\/ -->\n<title>KMS Hannover \u2013 Ihre Experten f\u00fcr Messebau und Messelogistik<\/title>\n<meta name=\"robots\" content=\"index, follow, max-snippet:-1, max-image-preview:large, max-video-preview:-1\" \/>\n<link rel=\"canonical\" href=\"https:\/\/kms-hannover.com\/datenschutzerklaerung\" \/>\n<meta property=\"og:locale\" content=\"es_ES\" \/>\n<meta property=\"og:type\" content=\"article\" \/>\n<meta property=\"og:title\" content=\"KMS Hannover \u2013 Ihre Experten f\u00fcr Messebau und Messelogistik\" \/>\n<meta property=\"og:description\" content=\"Pol\u00edtica de privacidad Los operadores de estos sitios toman muy en serio la protecci\u00f3n de&hellip;\" \/>\n<meta property=\"og:url\" content=\"https:\/\/kms-hannover.com\/datenschutzerklaerung\" \/>\n<meta property=\"og:site_name\" content=\"KMS Hannover \u2013 Ihre Experten f\u00fcr Messebau und Messelogistik\" \/>\n<meta property=\"article:publisher\" content=\"https:\/\/www.facebook.com\/kmshannover\/\" \/>\n<meta property=\"article:modified_time\" content=\"2021-10-12T13:32:09+00:00\" \/>\n<meta name=\"twitter:card\" content=\"summary_large_image\" \/>\n<meta name=\"twitter:label1\" content=\"Tiempo de lectura\" \/>\n\t<meta name=\"twitter:data1\" content=\"51 minutos\" \/>\n<script type=\"application\/ld+json\" class=\"yoast-schema-graph\">{\"@context\":\"https:\\\/\\\/schema.org\",\"@graph\":[{\"@type\":\"WebPage\",\"@id\":\"https:\\\/\\\/kms-hannover.com\\\/datenschutzerklaerung\",\"url\":\"https:\\\/\\\/kms-hannover.com\\\/datenschutzerklaerung\",\"name\":\"KMS Hannover \u2013 Ihre Experten f\u00fcr Messebau und Messelogistik\",\"isPartOf\":{\"@id\":\"https:\\\/\\\/kms-hannover.com\\\/#website\"},\"datePublished\":\"2015-09-11T18:00:29+00:00\",\"dateModified\":\"2021-10-12T13:32:09+00:00\",\"breadcrumb\":{\"@id\":\"https:\\\/\\\/kms-hannover.com\\\/datenschutzerklaerung#breadcrumb\"},\"inLanguage\":\"es\",\"potentialAction\":[{\"@type\":\"ReadAction\",\"target\":[\"https:\\\/\\\/kms-hannover.com\\\/datenschutzerklaerung\"]}]},{\"@type\":\"BreadcrumbList\",\"@id\":\"https:\\\/\\\/kms-hannover.com\\\/datenschutzerklaerung#breadcrumb\",\"itemListElement\":[{\"@type\":\"ListItem\",\"position\":1,\"name\":\"Startseite\",\"item\":\"https:\\\/\\\/kms-hannover.com\\\/\"},{\"@type\":\"ListItem\",\"position\":2,\"name\":\"Datenschutzerkl\u00e4rung\"}]},{\"@type\":\"WebSite\",\"@id\":\"https:\\\/\\\/kms-hannover.com\\\/#website\",\"url\":\"https:\\\/\\\/kms-hannover.com\\\/\",\"name\":\"Kr\u00fcger Montage Service GmbH\",\"description\":\"Messelogistik und Messeaufbau in Deutschland und Europa\",\"publisher\":{\"@id\":\"https:\\\/\\\/kms-hannover.com\\\/#organization\"},\"potentialAction\":[{\"@type\":\"SearchAction\",\"target\":{\"@type\":\"EntryPoint\",\"urlTemplate\":\"https:\\\/\\\/kms-hannover.com\\\/?s={search_term_string}\"},\"query-input\":{\"@type\":\"PropertyValueSpecification\",\"valueRequired\":true,\"valueName\":\"search_term_string\"}}],\"inLanguage\":\"es\"},{\"@type\":\"Organization\",\"@id\":\"https:\\\/\\\/kms-hannover.com\\\/#organization\",\"name\":\"Kr\u00fcger Montage Service GmbH\",\"url\":\"https:\\\/\\\/kms-hannover.com\\\/\",\"logo\":{\"@type\":\"ImageObject\",\"inLanguage\":\"es\",\"@id\":\"https:\\\/\\\/kms-hannover.com\\\/#\\\/schema\\\/logo\\\/image\\\/\",\"url\":\"https:\\\/\\\/kms-hannover.com\\\/wp-content\\\/uploads\\\/2016\\\/02\\\/logo.jpg\",\"contentUrl\":\"https:\\\/\\\/kms-hannover.com\\\/wp-content\\\/uploads\\\/2016\\\/02\\\/logo.jpg\",\"width\":205,\"height\":50,\"caption\":\"Kr\u00fcger Montage Service GmbH\"},\"image\":{\"@id\":\"https:\\\/\\\/kms-hannover.com\\\/#\\\/schema\\\/logo\\\/image\\\/\"},\"sameAs\":[\"https:\\\/\\\/www.facebook.com\\\/kmshannover\\\/\",\"https:\\\/\\\/www.instagram.com\\\/kms_hannover\\\/\"]}]}<\/script>\n<!-- \/ Yoast SEO plugin. -->","yoast_head_json":{"title":"KMS Hannover \u2013 Ihre Experten f\u00fcr Messebau und Messelogistik","robots":{"index":"index","follow":"follow","max-snippet":"max-snippet:-1","max-image-preview":"max-image-preview:large","max-video-preview":"max-video-preview:-1"},"canonical":"https:\/\/kms-hannover.com\/datenschutzerklaerung","og_locale":"es_ES","og_type":"article","og_title":"KMS Hannover \u2013 Ihre Experten f\u00fcr Messebau und Messelogistik","og_description":"Pol\u00edtica de privacidad Los operadores de estos sitios toman muy en serio la protecci\u00f3n de&hellip;","og_url":"https:\/\/kms-hannover.com\/datenschutzerklaerung","og_site_name":"KMS Hannover \u2013 Ihre Experten f\u00fcr Messebau und Messelogistik","article_publisher":"https:\/\/www.facebook.com\/kmshannover\/","article_modified_time":"2021-10-12T13:32:09+00:00","twitter_card":"summary_large_image","twitter_misc":{"Tiempo de lectura":"51 minutos"},"schema":{"@context":"https:\/\/schema.org","@graph":[{"@type":"WebPage","@id":"https:\/\/kms-hannover.com\/datenschutzerklaerung","url":"https:\/\/kms-hannover.com\/datenschutzerklaerung","name":"KMS Hannover \u2013 Ihre Experten f\u00fcr Messebau und Messelogistik","isPartOf":{"@id":"https:\/\/kms-hannover.com\/#website"},"datePublished":"2015-09-11T18:00:29+00:00","dateModified":"2021-10-12T13:32:09+00:00","breadcrumb":{"@id":"https:\/\/kms-hannover.com\/datenschutzerklaerung#breadcrumb"},"inLanguage":"es","potentialAction":[{"@type":"ReadAction","target":["https:\/\/kms-hannover.com\/datenschutzerklaerung"]}]},{"@type":"BreadcrumbList","@id":"https:\/\/kms-hannover.com\/datenschutzerklaerung#breadcrumb","itemListElement":[{"@type":"ListItem","position":1,"name":"Startseite","item":"https:\/\/kms-hannover.com\/"},{"@type":"ListItem","position":2,"name":"Datenschutzerkl\u00e4rung"}]},{"@type":"WebSite","@id":"https:\/\/kms-hannover.com\/#website","url":"https:\/\/kms-hannover.com\/","name":"Kr\u00fcger Montage Service GmbH","description":"Messelogistik und Messeaufbau in Deutschland und Europa","publisher":{"@id":"https:\/\/kms-hannover.com\/#organization"},"potentialAction":[{"@type":"SearchAction","target":{"@type":"EntryPoint","urlTemplate":"https:\/\/kms-hannover.com\/?s={search_term_string}"},"query-input":{"@type":"PropertyValueSpecification","valueRequired":true,"valueName":"search_term_string"}}],"inLanguage":"es"},{"@type":"Organization","@id":"https:\/\/kms-hannover.com\/#organization","name":"Kr\u00fcger Montage Service GmbH","url":"https:\/\/kms-hannover.com\/","logo":{"@type":"ImageObject","inLanguage":"es","@id":"https:\/\/kms-hannover.com\/#\/schema\/logo\/image\/","url":"https:\/\/kms-hannover.com\/wp-content\/uploads\/2016\/02\/logo.jpg","contentUrl":"https:\/\/kms-hannover.com\/wp-content\/uploads\/2016\/02\/logo.jpg","width":205,"height":50,"caption":"Kr\u00fcger Montage Service GmbH"},"image":{"@id":"https:\/\/kms-hannover.com\/#\/schema\/logo\/image\/"},"sameAs":["https:\/\/www.facebook.com\/kmshannover\/","https:\/\/www.instagram.com\/kms_hannover\/"]}]}},"_links":{"self":[{"href":"https:\/\/kms-hannover.com\/es\/wp-json\/wp\/v2\/pages\/369","targetHints":{"allow":["GET"]}}],"collection":[{"href":"https:\/\/kms-hannover.com\/es\/wp-json\/wp\/v2\/pages"}],"about":[{"href":"https:\/\/kms-hannover.com\/es\/wp-json\/wp\/v2\/types\/page"}],"author":[{"embeddable":true,"href":"https:\/\/kms-hannover.com\/es\/wp-json\/wp\/v2\/users\/1"}],"replies":[{"embeddable":true,"href":"https:\/\/kms-hannover.com\/es\/wp-json\/wp\/v2\/comments?post=369"}],"version-history":[{"count":14,"href":"https:\/\/kms-hannover.com\/es\/wp-json\/wp\/v2\/pages\/369\/revisions"}],"predecessor-version":[{"id":3284,"href":"https:\/\/kms-hannover.com\/es\/wp-json\/wp\/v2\/pages\/369\/revisions\/3284"}],"wp:attachment":[{"href":"https:\/\/kms-hannover.com\/es\/wp-json\/wp\/v2\/media?parent=369"}],"curies":[{"name":"wp","href":"https:\/\/api.w.org\/{rel}","templated":true}]}}