{"id":1474,"date":"2017-06-20T05:49:56","date_gmt":"2017-06-20T05:49:56","guid":{"rendered":"https:\/\/kms-hannover.com\/?page_id=1474"},"modified":"2024-11-11T12:50:30","modified_gmt":"2024-11-11T12:50:30","slug":"regalservice","status":"publish","type":"page","link":"https:\/\/kms-hannover.com\/es\/regalservice","title":{"rendered":"Estante de servicios"},"content":{"rendered":"<p><\/p>\n<h3><span style=\"color: #008000;\"><em>El operador de la plataforma es responsable del cumplimiento de la normativa vigente, la responsabilidad de la operaci\u00f3n segura de las plantas. <\/em><\/span><\/h3>\n<p><a href=\"https:\/\/kms-hannover.com\/wp-content\/uploads\/2017\/06\/DSC_0402a.jpg\"><img loading=\"lazy\" decoding=\"async\" class=\"alignright size-thumbnail wp-image-1483\" src=\"https:\/\/kms-hannover.com\/wp-content\/uploads\/2017\/06\/DSC_0402a-150x150.jpg\" alt=\"\" width=\"150\" height=\"150\" srcset=\"https:\/\/kms-hannover.com\/wp-content\/uploads\/2017\/06\/DSC_0402a-150x150.jpg 150w, https:\/\/kms-hannover.com\/wp-content\/uploads\/2017\/06\/DSC_0402a-100x100.jpg 100w\" sizes=\"auto, (max-width: 150px) 100vw, 150px\" \/><\/a><br \/>\n<strong><em>Al menos una vez cada a\u00f1o calendario, la ley requiere la inspecci\u00f3n de los estantes por<\/em><\/strong><\/p>\n<p><strong><em>BetrSichV DIN EN 15635, DGUV Information 208-043 vorm. BGI 5166 und DGUV Regel 108-007 vorm.<\/em><\/strong><\/p>\n<p><strong><em>BGR 234 para todos los sistemas de estanter\u00edas fijas.<\/em><\/strong><\/p>\n<p><span style=\"color: #008000;\">Trabajamos con una empresa de renombre juntos durante muchos a\u00f1os, que verificadas por una persona calificada en sus sistemas de estantes, de conformidad con las especificaciones aplicables.<br \/>\nDespu\u00e9s de la documentaci\u00f3n, el informe ser\u00e1 discutido con el responsable de seguridad y el administrador de almac\u00e9n y las reparaciones necesarias puede ser iniciado.<br \/>\nPor favor, p\u00f3ngase en contacto con nosotros, nuestro equipo le proporcionar\u00e1 una oferta detallada para satisfacer sus necesidades.<\/span><\/p>\n<p>info@kms-hannover.com<\/p>\n<p><span style=\"color: #008000;\">\u00a0<\/span><\/p>","protected":false},"excerpt":{"rendered":"<p>El operador de la plataforma es responsable del cumplimiento de la normativa vigente, la responsabilidad&hellip; <\/p>\n","protected":false},"author":1,"featured_media":0,"parent":0,"menu_order":0,"comment_status":"closed","ping_status":"closed","template":"","meta":{"footnotes":""},"class_list":["post-1474","page","type-page","status-publish","hentry"],"yoast_head":"<!-- This site is optimized with the Yoast SEO plugin v27.4 - https:\/\/yoast.com\/product\/yoast-seo-wordpress\/ -->\n<title>Estante de servicios: Die Kr\u00fcger Montage Service GmbH hilft Ihnen<\/title>\n<meta name=\"description\" content=\"Die Regal-Instandsetzung wird heute von dem Gesetzgeber einmal im Jahr vorgeschrieben. Wir k\u00fcmmern uns auch um die Pr\u00fcfung Ihres Regals.\" \/>\n<meta name=\"robots\" content=\"index, follow, max-snippet:-1, max-image-preview:large, max-video-preview:-1\" \/>\n<link rel=\"canonical\" href=\"https:\/\/kms-hannover.com\/regalservice\" \/>\n<meta property=\"og:locale\" content=\"es_ES\" \/>\n<meta property=\"og:type\" content=\"article\" \/>\n<meta property=\"og:title\" content=\"[:de]Regal-Instandsetzung[:en]Regal repair[:es]Estante de servicios[:fr]R\u00e9paration des \u00e9tag\u00e8res[:pb]Manuten\u00e7\u00e3o de porta paletes[:]: Die Kr\u00fcger Montage Service GmbH hilft Ihnen\" \/>\n<meta property=\"og:description\" content=\"Die Regal-Instandsetzung wird heute von dem Gesetzgeber einmal im Jahr vorgeschrieben. Wir k\u00fcmmern uns auch um die Pr\u00fcfung Ihres Regals.\" \/>\n<meta property=\"og:url\" content=\"https:\/\/kms-hannover.com\/regalservice\" \/>\n<meta property=\"og:site_name\" content=\"KMS Hannover \u2013 Ihre Experten f\u00fcr Messebau und Messelogistik\" \/>\n<meta property=\"article:publisher\" content=\"https:\/\/www.facebook.com\/kmshannover\/\" \/>\n<meta property=\"article:modified_time\" content=\"2024-11-11T12:50:30+00:00\" \/>\n<meta property=\"og:image\" content=\"https:\/\/kms-hannover.com\/wp-content\/uploads\/2017\/06\/DSC_0402a.jpg\" \/>\n\t<meta property=\"og:image:width\" content=\"980\" \/>\n\t<meta property=\"og:image:height\" content=\"653\" \/>\n\t<meta property=\"og:image:type\" content=\"image\/jpeg\" \/>\n<meta name=\"twitter:card\" content=\"summary_large_image\" \/>\n<meta name=\"twitter:label1\" content=\"Tiempo de lectura\" \/>\n\t<meta name=\"twitter:data1\" content=\"5 minutos\" \/>\n<script type=\"application\/ld+json\" class=\"yoast-schema-graph\">{\"@context\":\"https:\\\/\\\/schema.org\",\"@graph\":[{\"@type\":\"WebPage\",\"@id\":\"https:\\\/\\\/kms-hannover.com\\\/regalservice\",\"url\":\"https:\\\/\\\/kms-hannover.com\\\/regalservice\",\"name\":\"[:de]Regal-Instandsetzung[:en]Regal repair[:es]Estante de servicios[:fr]R\u00e9paration des \u00e9tag\u00e8res[:pb]Manuten\u00e7\u00e3o de porta paletes[:]: Die Kr\u00fcger Montage Service GmbH hilft Ihnen\",\"isPartOf\":{\"@id\":\"https:\\\/\\\/kms-hannover.com\\\/#website\"},\"primaryImageOfPage\":{\"@id\":\"https:\\\/\\\/kms-hannover.com\\\/regalservice#primaryimage\"},\"image\":{\"@id\":\"https:\\\/\\\/kms-hannover.com\\\/regalservice#primaryimage\"},\"thumbnailUrl\":\"https:\\\/\\\/kms-hannover.com\\\/wp-content\\\/uploads\\\/2017\\\/06\\\/DSC_0402a-300x200.jpg\",\"datePublished\":\"2017-06-20T05:49:56+00:00\",\"dateModified\":\"2024-11-11T12:50:30+00:00\",\"description\":\"Die Regal-Instandsetzung wird heute von dem Gesetzgeber einmal im Jahr vorgeschrieben. Wir k\u00fcmmern uns auch um die Pr\u00fcfung Ihres Regals.\",\"breadcrumb\":{\"@id\":\"https:\\\/\\\/kms-hannover.com\\\/regalservice#breadcrumb\"},\"inLanguage\":\"es\",\"potentialAction\":[{\"@type\":\"ReadAction\",\"target\":[\"https:\\\/\\\/kms-hannover.com\\\/regalservice\"]}]},{\"@type\":\"ImageObject\",\"inLanguage\":\"es\",\"@id\":\"https:\\\/\\\/kms-hannover.com\\\/regalservice#primaryimage\",\"url\":\"https:\\\/\\\/kms-hannover.com\\\/wp-content\\\/uploads\\\/2017\\\/06\\\/DSC_0402a-300x200.jpg\",\"contentUrl\":\"https:\\\/\\\/kms-hannover.com\\\/wp-content\\\/uploads\\\/2017\\\/06\\\/DSC_0402a-300x200.jpg\"},{\"@type\":\"BreadcrumbList\",\"@id\":\"https:\\\/\\\/kms-hannover.com\\\/regalservice#breadcrumb\",\"itemListElement\":[{\"@type\":\"ListItem\",\"position\":1,\"name\":\"Startseite\",\"item\":\"https:\\\/\\\/kms-hannover.com\\\/\"},{\"@type\":\"ListItem\",\"position\":2,\"name\":\"Regal-Instandsetzung\"}]},{\"@type\":\"WebSite\",\"@id\":\"https:\\\/\\\/kms-hannover.com\\\/#website\",\"url\":\"https:\\\/\\\/kms-hannover.com\\\/\",\"name\":\"Kr\u00fcger Montage Service GmbH\",\"description\":\"Messelogistik und Messeaufbau in Deutschland und Europa\",\"publisher\":{\"@id\":\"https:\\\/\\\/kms-hannover.com\\\/#organization\"},\"potentialAction\":[{\"@type\":\"SearchAction\",\"target\":{\"@type\":\"EntryPoint\",\"urlTemplate\":\"https:\\\/\\\/kms-hannover.com\\\/?s={search_term_string}\"},\"query-input\":{\"@type\":\"PropertyValueSpecification\",\"valueRequired\":true,\"valueName\":\"search_term_string\"}}],\"inLanguage\":\"es\"},{\"@type\":\"Organization\",\"@id\":\"https:\\\/\\\/kms-hannover.com\\\/#organization\",\"name\":\"Kr\u00fcger Montage Service GmbH\",\"url\":\"https:\\\/\\\/kms-hannover.com\\\/\",\"logo\":{\"@type\":\"ImageObject\",\"inLanguage\":\"es\",\"@id\":\"https:\\\/\\\/kms-hannover.com\\\/#\\\/schema\\\/logo\\\/image\\\/\",\"url\":\"https:\\\/\\\/kms-hannover.com\\\/wp-content\\\/uploads\\\/2016\\\/02\\\/logo.jpg\",\"contentUrl\":\"https:\\\/\\\/kms-hannover.com\\\/wp-content\\\/uploads\\\/2016\\\/02\\\/logo.jpg\",\"width\":205,\"height\":50,\"caption\":\"Kr\u00fcger Montage Service GmbH\"},\"image\":{\"@id\":\"https:\\\/\\\/kms-hannover.com\\\/#\\\/schema\\\/logo\\\/image\\\/\"},\"sameAs\":[\"https:\\\/\\\/www.facebook.com\\\/kmshannover\\\/\",\"https:\\\/\\\/www.instagram.com\\\/kms_hannover\\\/\"]}]}<\/script>\n<!-- \/ Yoast SEO plugin. -->","yoast_head_json":{"title":"[:de]Regal-Instandsetzung[:en]Regal repair[:es]Estante de servicios[:fr]R\u00e9paration des \u00e9tag\u00e8res[:pb]Manuten\u00e7\u00e3o de porta paletes[:]: Die Kr\u00fcger Montage Service GmbH hilft Ihnen","description":"Die Regal-Instandsetzung wird heute von dem Gesetzgeber einmal im Jahr vorgeschrieben. Wir k\u00fcmmern uns auch um die Pr\u00fcfung Ihres Regals.","robots":{"index":"index","follow":"follow","max-snippet":"max-snippet:-1","max-image-preview":"max-image-preview:large","max-video-preview":"max-video-preview:-1"},"canonical":"https:\/\/kms-hannover.com\/regalservice","og_locale":"es_ES","og_type":"article","og_title":"[:de]Regal-Instandsetzung[:en]Regal repair[:es]Estante de servicios[:fr]R\u00e9paration des \u00e9tag\u00e8res[:pb]Manuten\u00e7\u00e3o de porta paletes[:]: Die Kr\u00fcger Montage Service GmbH hilft Ihnen","og_description":"Die Regal-Instandsetzung wird heute von dem Gesetzgeber einmal im Jahr vorgeschrieben. Wir k\u00fcmmern uns auch um die Pr\u00fcfung Ihres Regals.","og_url":"https:\/\/kms-hannover.com\/regalservice","og_site_name":"KMS Hannover \u2013 Ihre Experten f\u00fcr Messebau und Messelogistik","article_publisher":"https:\/\/www.facebook.com\/kmshannover\/","article_modified_time":"2024-11-11T12:50:30+00:00","og_image":[{"width":980,"height":653,"url":"https:\/\/kms-hannover.com\/wp-content\/uploads\/2017\/06\/DSC_0402a.jpg","type":"image\/jpeg"}],"twitter_card":"summary_large_image","twitter_misc":{"Tiempo de lectura":"5 minutos"},"schema":{"@context":"https:\/\/schema.org","@graph":[{"@type":"WebPage","@id":"https:\/\/kms-hannover.com\/regalservice","url":"https:\/\/kms-hannover.com\/regalservice","name":"[:de]Regal-Instandsetzung[:en]Regal repair[:es]Estante de servicios[:fr]R\u00e9paration des \u00e9tag\u00e8res[:pb]Manuten\u00e7\u00e3o de porta paletes[:]: Die Kr\u00fcger Montage Service GmbH hilft Ihnen","isPartOf":{"@id":"https:\/\/kms-hannover.com\/#website"},"primaryImageOfPage":{"@id":"https:\/\/kms-hannover.com\/regalservice#primaryimage"},"image":{"@id":"https:\/\/kms-hannover.com\/regalservice#primaryimage"},"thumbnailUrl":"https:\/\/kms-hannover.com\/wp-content\/uploads\/2017\/06\/DSC_0402a-300x200.jpg","datePublished":"2017-06-20T05:49:56+00:00","dateModified":"2024-11-11T12:50:30+00:00","description":"Die Regal-Instandsetzung wird heute von dem Gesetzgeber einmal im Jahr vorgeschrieben. Wir k\u00fcmmern uns auch um die Pr\u00fcfung Ihres Regals.","breadcrumb":{"@id":"https:\/\/kms-hannover.com\/regalservice#breadcrumb"},"inLanguage":"es","potentialAction":[{"@type":"ReadAction","target":["https:\/\/kms-hannover.com\/regalservice"]}]},{"@type":"ImageObject","inLanguage":"es","@id":"https:\/\/kms-hannover.com\/regalservice#primaryimage","url":"https:\/\/kms-hannover.com\/wp-content\/uploads\/2017\/06\/DSC_0402a-300x200.jpg","contentUrl":"https:\/\/kms-hannover.com\/wp-content\/uploads\/2017\/06\/DSC_0402a-300x200.jpg"},{"@type":"BreadcrumbList","@id":"https:\/\/kms-hannover.com\/regalservice#breadcrumb","itemListElement":[{"@type":"ListItem","position":1,"name":"Startseite","item":"https:\/\/kms-hannover.com\/"},{"@type":"ListItem","position":2,"name":"Regal-Instandsetzung"}]},{"@type":"WebSite","@id":"https:\/\/kms-hannover.com\/#website","url":"https:\/\/kms-hannover.com\/","name":"Kr\u00fcger Montage Service GmbH","description":"Messelogistik und Messeaufbau in Deutschland und Europa","publisher":{"@id":"https:\/\/kms-hannover.com\/#organization"},"potentialAction":[{"@type":"SearchAction","target":{"@type":"EntryPoint","urlTemplate":"https:\/\/kms-hannover.com\/?s={search_term_string}"},"query-input":{"@type":"PropertyValueSpecification","valueRequired":true,"valueName":"search_term_string"}}],"inLanguage":"es"},{"@type":"Organization","@id":"https:\/\/kms-hannover.com\/#organization","name":"Kr\u00fcger Montage Service GmbH","url":"https:\/\/kms-hannover.com\/","logo":{"@type":"ImageObject","inLanguage":"es","@id":"https:\/\/kms-hannover.com\/#\/schema\/logo\/image\/","url":"https:\/\/kms-hannover.com\/wp-content\/uploads\/2016\/02\/logo.jpg","contentUrl":"https:\/\/kms-hannover.com\/wp-content\/uploads\/2016\/02\/logo.jpg","width":205,"height":50,"caption":"Kr\u00fcger Montage Service GmbH"},"image":{"@id":"https:\/\/kms-hannover.com\/#\/schema\/logo\/image\/"},"sameAs":["https:\/\/www.facebook.com\/kmshannover\/","https:\/\/www.instagram.com\/kms_hannover\/"]}]}},"_links":{"self":[{"href":"https:\/\/kms-hannover.com\/es\/wp-json\/wp\/v2\/pages\/1474","targetHints":{"allow":["GET"]}}],"collection":[{"href":"https:\/\/kms-hannover.com\/es\/wp-json\/wp\/v2\/pages"}],"about":[{"href":"https:\/\/kms-hannover.com\/es\/wp-json\/wp\/v2\/types\/page"}],"author":[{"embeddable":true,"href":"https:\/\/kms-hannover.com\/es\/wp-json\/wp\/v2\/users\/1"}],"replies":[{"embeddable":true,"href":"https:\/\/kms-hannover.com\/es\/wp-json\/wp\/v2\/comments?post=1474"}],"version-history":[{"count":37,"href":"https:\/\/kms-hannover.com\/es\/wp-json\/wp\/v2\/pages\/1474\/revisions"}],"predecessor-version":[{"id":3815,"href":"https:\/\/kms-hannover.com\/es\/wp-json\/wp\/v2\/pages\/1474\/revisions\/3815"}],"wp:attachment":[{"href":"https:\/\/kms-hannover.com\/es\/wp-json\/wp\/v2\/media?parent=1474"}],"curies":[{"name":"wp","href":"https:\/\/api.w.org\/{rel}","templated":true}]}}