{"id":21,"date":"2015-09-02T16:30:49","date_gmt":"2015-09-02T16:30:49","guid":{"rendered":"http:\/\/kmshannover.apps-1and1.net\/?page_id=21"},"modified":"2022-10-24T11:43:37","modified_gmt":"2022-10-24T11:43:37","slug":"logistik-2","status":"publish","type":"page","link":"https:\/\/kms-hannover.com\/en\/logistik-2","title":{"rendered":"logistics"},"content":{"rendered":"<p><div id=\"attachment_332\" style=\"width: 460px\" class=\"wp-caption alignright\"><a href=\"https:\/\/kms-hannover.com\/wp-content\/uploads\/2015\/09\/logistik.jpg\"><img loading=\"lazy\" decoding=\"async\" aria-describedby=\"caption-attachment-332\" class=\"wp-image-332 size-full\" src=\"https:\/\/kms-hannover.com\/wp-content\/uploads\/2015\/09\/logistik.jpg\" alt=\"logistik\" width=\"450\" height=\"300\" srcset=\"https:\/\/kms-hannover.com\/wp-content\/uploads\/2015\/09\/logistik.jpg 450w, https:\/\/kms-hannover.com\/wp-content\/uploads\/2015\/09\/logistik-300x200.jpg 300w\" sizes=\"auto, (max-width: 450px) 100vw, 450px\" \/><\/a><p id=\"caption-attachment-332\" class=\"wp-caption-text\"><span id=\"result_box\" lang=\"en\">Our warehouses provide ample space for all your ideas.<\/span><\/p><\/div><\/p>\n<p><span id=\"result_box\" lang=\"en\">The implementation of your wishes and ideas requires a lot of forward-looking logistics in addition to production or procurement, assembly and maintenance.<\/span><span id=\"t-served-community-button\" class=\"trans-verified-button goog-toolbar-button\" role=\"button\" aria-hidden=\"true\"><\/span><br \/>\n<span id=\"result_box\" lang=\"en\"><span class=\"alt-edited\">Own fleet, as well as our logistics partner are available around the clock available.<\/span><\/span><\/p>\n<p><span id=\"result_box\" lang=\"en\">We are characterized by the smooth running from production through the complex supply chains to the measuring place in Europe.<\/span><span id=\"t-served-community-button\" class=\"trans-verified-button goog-toolbar-button\" role=\"button\" aria-hidden=\"true\"><\/span><\/p>\n<p><span id=\"result_box\" lang=\"en\">KR\u00dcGER Montage Service GmbH offers you all this from a single source. You have only one contact person and that around the clock.<\/span><span id=\"t-served-community-button\" class=\"trans-verified-button goog-toolbar-button\" role=\"button\" aria-hidden=\"true\"><\/span><\/p>","protected":false},"excerpt":{"rendered":"<p>The implementation of your wishes and ideas requires a lot of forward-looking logistics in addition&hellip; <\/p>\n","protected":false},"author":1,"featured_media":17,"parent":0,"menu_order":0,"comment_status":"closed","ping_status":"closed","template":"","meta":{"footnotes":""},"class_list":["post-21","page","type-page","status-publish","has-post-thumbnail","hentry"],"yoast_head":"<!-- This site is optimized with the Yoast SEO plugin v27.3 - https:\/\/yoast.com\/product\/yoast-seo-wordpress\/ -->\n<title>Messelogistik | Schnell und zuverl\u00e4ssig | Kr\u00fcger Montage Service GmbH<\/title>\n<meta name=\"description\" content=\"Nutzen Sie die langj\u00e4hrige Erfahrung der Kr\u00fcger Montage Service GmbH f\u00fcr Ihren Messestand. Messebau und Messelogistik aus einer Hand.\" \/>\n<meta name=\"robots\" content=\"index, follow, max-snippet:-1, max-image-preview:large, max-video-preview:-1\" \/>\n<link rel=\"canonical\" href=\"https:\/\/kms-hannover.com\/logistik-2\" \/>\n<meta property=\"og:locale\" content=\"en_US\" \/>\n<meta property=\"og:type\" content=\"article\" \/>\n<meta property=\"og:title\" content=\"Messelogistik | Schnell und zuverl\u00e4ssig | Kr\u00fcger Montage Service GmbH\" \/>\n<meta property=\"og:description\" content=\"Nutzen Sie die langj\u00e4hrige Erfahrung der Kr\u00fcger Montage Service GmbH f\u00fcr Ihren Messestand. Messebau und Messelogistik aus einer Hand.\" \/>\n<meta property=\"og:url\" content=\"https:\/\/kms-hannover.com\/logistik-2\" \/>\n<meta property=\"og:site_name\" content=\"KMS Hannover \u2013 Ihre Experten f\u00fcr Messebau und Messelogistik\" \/>\n<meta property=\"article:publisher\" content=\"https:\/\/www.facebook.com\/kmshannover\/\" \/>\n<meta property=\"article:modified_time\" content=\"2022-10-24T11:43:37+00:00\" \/>\n<meta property=\"og:image\" content=\"https:\/\/kms-hannover.com\/wp-content\/uploads\/2015\/09\/logistik.png\" \/>\n\t<meta property=\"og:image:width\" content=\"100\" \/>\n\t<meta property=\"og:image:height\" content=\"100\" \/>\n\t<meta property=\"og:image:type\" content=\"image\/png\" \/>\n<meta name=\"twitter:card\" content=\"summary_large_image\" \/>\n<meta name=\"twitter:label1\" content=\"Est. reading time\" \/>\n\t<meta name=\"twitter:data1\" content=\"6 minutes\" \/>\n<script type=\"application\/ld+json\" class=\"yoast-schema-graph\">{\"@context\":\"https:\\\/\\\/schema.org\",\"@graph\":[{\"@type\":\"WebPage\",\"@id\":\"https:\\\/\\\/kms-hannover.com\\\/logistik-2\",\"url\":\"https:\\\/\\\/kms-hannover.com\\\/logistik-2\",\"name\":\"Messelogistik | Schnell und zuverl\u00e4ssig | Kr\u00fcger Montage Service GmbH\",\"isPartOf\":{\"@id\":\"https:\\\/\\\/kms-hannover.com\\\/#website\"},\"primaryImageOfPage\":{\"@id\":\"https:\\\/\\\/kms-hannover.com\\\/logistik-2#primaryimage\"},\"image\":{\"@id\":\"https:\\\/\\\/kms-hannover.com\\\/logistik-2#primaryimage\"},\"thumbnailUrl\":\"https:\\\/\\\/kms-hannover.com\\\/wp-content\\\/uploads\\\/2015\\\/09\\\/logistik.png\",\"datePublished\":\"2015-09-02T16:30:49+00:00\",\"dateModified\":\"2022-10-24T11:43:37+00:00\",\"description\":\"Nutzen Sie die langj\u00e4hrige Erfahrung der Kr\u00fcger Montage Service GmbH f\u00fcr Ihren Messestand. Messebau und Messelogistik aus einer Hand.\",\"breadcrumb\":{\"@id\":\"https:\\\/\\\/kms-hannover.com\\\/logistik-2#breadcrumb\"},\"inLanguage\":\"en-US\",\"potentialAction\":[{\"@type\":\"ReadAction\",\"target\":[\"https:\\\/\\\/kms-hannover.com\\\/logistik-2\"]}]},{\"@type\":\"ImageObject\",\"inLanguage\":\"en-US\",\"@id\":\"https:\\\/\\\/kms-hannover.com\\\/logistik-2#primaryimage\",\"url\":\"https:\\\/\\\/kms-hannover.com\\\/wp-content\\\/uploads\\\/2015\\\/09\\\/logistik.png\",\"contentUrl\":\"https:\\\/\\\/kms-hannover.com\\\/wp-content\\\/uploads\\\/2015\\\/09\\\/logistik.png\",\"width\":100,\"height\":100},{\"@type\":\"BreadcrumbList\",\"@id\":\"https:\\\/\\\/kms-hannover.com\\\/logistik-2#breadcrumb\",\"itemListElement\":[{\"@type\":\"ListItem\",\"position\":1,\"name\":\"Startseite\",\"item\":\"https:\\\/\\\/kms-hannover.com\\\/\"},{\"@type\":\"ListItem\",\"position\":2,\"name\":\"Logistik\"}]},{\"@type\":\"WebSite\",\"@id\":\"https:\\\/\\\/kms-hannover.com\\\/#website\",\"url\":\"https:\\\/\\\/kms-hannover.com\\\/\",\"name\":\"Kr\u00fcger Montage Service GmbH\",\"description\":\"Messelogistik und Messeaufbau in Deutschland und Europa\",\"publisher\":{\"@id\":\"https:\\\/\\\/kms-hannover.com\\\/#organization\"},\"potentialAction\":[{\"@type\":\"SearchAction\",\"target\":{\"@type\":\"EntryPoint\",\"urlTemplate\":\"https:\\\/\\\/kms-hannover.com\\\/?s={search_term_string}\"},\"query-input\":{\"@type\":\"PropertyValueSpecification\",\"valueRequired\":true,\"valueName\":\"search_term_string\"}}],\"inLanguage\":\"en-US\"},{\"@type\":\"Organization\",\"@id\":\"https:\\\/\\\/kms-hannover.com\\\/#organization\",\"name\":\"Kr\u00fcger Montage Service GmbH\",\"url\":\"https:\\\/\\\/kms-hannover.com\\\/\",\"logo\":{\"@type\":\"ImageObject\",\"inLanguage\":\"en-US\",\"@id\":\"https:\\\/\\\/kms-hannover.com\\\/#\\\/schema\\\/logo\\\/image\\\/\",\"url\":\"https:\\\/\\\/kms-hannover.com\\\/wp-content\\\/uploads\\\/2016\\\/02\\\/logo.jpg\",\"contentUrl\":\"https:\\\/\\\/kms-hannover.com\\\/wp-content\\\/uploads\\\/2016\\\/02\\\/logo.jpg\",\"width\":205,\"height\":50,\"caption\":\"Kr\u00fcger Montage Service GmbH\"},\"image\":{\"@id\":\"https:\\\/\\\/kms-hannover.com\\\/#\\\/schema\\\/logo\\\/image\\\/\"},\"sameAs\":[\"https:\\\/\\\/www.facebook.com\\\/kmshannover\\\/\",\"https:\\\/\\\/www.instagram.com\\\/kms_hannover\\\/\"]}]}<\/script>\n<!-- \/ Yoast SEO plugin. -->","yoast_head_json":{"title":"Messelogistik | Schnell und zuverl\u00e4ssig | Kr\u00fcger Montage Service GmbH","description":"Nutzen Sie die langj\u00e4hrige Erfahrung der Kr\u00fcger Montage Service GmbH f\u00fcr Ihren Messestand. Messebau und Messelogistik aus einer Hand.","robots":{"index":"index","follow":"follow","max-snippet":"max-snippet:-1","max-image-preview":"max-image-preview:large","max-video-preview":"max-video-preview:-1"},"canonical":"https:\/\/kms-hannover.com\/logistik-2","og_locale":"en_US","og_type":"article","og_title":"Messelogistik | Schnell und zuverl\u00e4ssig | Kr\u00fcger Montage Service GmbH","og_description":"Nutzen Sie die langj\u00e4hrige Erfahrung der Kr\u00fcger Montage Service GmbH f\u00fcr Ihren Messestand. Messebau und Messelogistik aus einer Hand.","og_url":"https:\/\/kms-hannover.com\/logistik-2","og_site_name":"KMS Hannover \u2013 Ihre Experten f\u00fcr Messebau und Messelogistik","article_publisher":"https:\/\/www.facebook.com\/kmshannover\/","article_modified_time":"2022-10-24T11:43:37+00:00","og_image":[{"width":100,"height":100,"url":"https:\/\/kms-hannover.com\/wp-content\/uploads\/2015\/09\/logistik.png","type":"image\/png"}],"twitter_card":"summary_large_image","twitter_misc":{"Est. reading time":"6 minutes"},"schema":{"@context":"https:\/\/schema.org","@graph":[{"@type":"WebPage","@id":"https:\/\/kms-hannover.com\/logistik-2","url":"https:\/\/kms-hannover.com\/logistik-2","name":"Messelogistik | Schnell und zuverl\u00e4ssig | Kr\u00fcger Montage Service GmbH","isPartOf":{"@id":"https:\/\/kms-hannover.com\/#website"},"primaryImageOfPage":{"@id":"https:\/\/kms-hannover.com\/logistik-2#primaryimage"},"image":{"@id":"https:\/\/kms-hannover.com\/logistik-2#primaryimage"},"thumbnailUrl":"https:\/\/kms-hannover.com\/wp-content\/uploads\/2015\/09\/logistik.png","datePublished":"2015-09-02T16:30:49+00:00","dateModified":"2022-10-24T11:43:37+00:00","description":"Nutzen Sie die langj\u00e4hrige Erfahrung der Kr\u00fcger Montage Service GmbH f\u00fcr Ihren Messestand. Messebau und Messelogistik aus einer Hand.","breadcrumb":{"@id":"https:\/\/kms-hannover.com\/logistik-2#breadcrumb"},"inLanguage":"en-US","potentialAction":[{"@type":"ReadAction","target":["https:\/\/kms-hannover.com\/logistik-2"]}]},{"@type":"ImageObject","inLanguage":"en-US","@id":"https:\/\/kms-hannover.com\/logistik-2#primaryimage","url":"https:\/\/kms-hannover.com\/wp-content\/uploads\/2015\/09\/logistik.png","contentUrl":"https:\/\/kms-hannover.com\/wp-content\/uploads\/2015\/09\/logistik.png","width":100,"height":100},{"@type":"BreadcrumbList","@id":"https:\/\/kms-hannover.com\/logistik-2#breadcrumb","itemListElement":[{"@type":"ListItem","position":1,"name":"Startseite","item":"https:\/\/kms-hannover.com\/"},{"@type":"ListItem","position":2,"name":"Logistik"}]},{"@type":"WebSite","@id":"https:\/\/kms-hannover.com\/#website","url":"https:\/\/kms-hannover.com\/","name":"Kr\u00fcger Montage Service GmbH","description":"Messelogistik und Messeaufbau in Deutschland und Europa","publisher":{"@id":"https:\/\/kms-hannover.com\/#organization"},"potentialAction":[{"@type":"SearchAction","target":{"@type":"EntryPoint","urlTemplate":"https:\/\/kms-hannover.com\/?s={search_term_string}"},"query-input":{"@type":"PropertyValueSpecification","valueRequired":true,"valueName":"search_term_string"}}],"inLanguage":"en-US"},{"@type":"Organization","@id":"https:\/\/kms-hannover.com\/#organization","name":"Kr\u00fcger Montage Service GmbH","url":"https:\/\/kms-hannover.com\/","logo":{"@type":"ImageObject","inLanguage":"en-US","@id":"https:\/\/kms-hannover.com\/#\/schema\/logo\/image\/","url":"https:\/\/kms-hannover.com\/wp-content\/uploads\/2016\/02\/logo.jpg","contentUrl":"https:\/\/kms-hannover.com\/wp-content\/uploads\/2016\/02\/logo.jpg","width":205,"height":50,"caption":"Kr\u00fcger Montage Service GmbH"},"image":{"@id":"https:\/\/kms-hannover.com\/#\/schema\/logo\/image\/"},"sameAs":["https:\/\/www.facebook.com\/kmshannover\/","https:\/\/www.instagram.com\/kms_hannover\/"]}]}},"_links":{"self":[{"href":"https:\/\/kms-hannover.com\/en\/wp-json\/wp\/v2\/pages\/21","targetHints":{"allow":["GET"]}}],"collection":[{"href":"https:\/\/kms-hannover.com\/en\/wp-json\/wp\/v2\/pages"}],"about":[{"href":"https:\/\/kms-hannover.com\/en\/wp-json\/wp\/v2\/types\/page"}],"author":[{"embeddable":true,"href":"https:\/\/kms-hannover.com\/en\/wp-json\/wp\/v2\/users\/1"}],"replies":[{"embeddable":true,"href":"https:\/\/kms-hannover.com\/en\/wp-json\/wp\/v2\/comments?post=21"}],"version-history":[{"count":54,"href":"https:\/\/kms-hannover.com\/en\/wp-json\/wp\/v2\/pages\/21\/revisions"}],"predecessor-version":[{"id":3612,"href":"https:\/\/kms-hannover.com\/en\/wp-json\/wp\/v2\/pages\/21\/revisions\/3612"}],"wp:featuredmedia":[{"embeddable":true,"href":"https:\/\/kms-hannover.com\/en\/wp-json\/wp\/v2\/media\/17"}],"wp:attachment":[{"href":"https:\/\/kms-hannover.com\/en\/wp-json\/wp\/v2\/media?parent=21"}],"curies":[{"name":"wp","href":"https:\/\/api.w.org\/{rel}","templated":true}]}}